{"id":2428,"date":"2025-08-14T21:43:38","date_gmt":"2025-08-14T21:43:38","guid":{"rendered":"https:\/\/brainandspine.test-southcoast-health-multi.southcoast-health.org\/?page_id=2428"},"modified":"2025-09-02T18:27:16","modified_gmt":"2025-09-02T18:27:16","slug":"stereotactic-radiosurgery","status":"publish","type":"page","link":"https:\/\/brainandspine.southcoast.org\/pt\/neurosurgery\/stereotactic-radiosurgery\/","title":{"rendered":"Radiocirurgia estereot\u00e1xica"},"content":{"rendered":"<div  class=\"blockSettings  paddingTopSM paddingBottomSM heroBasicFluid darkTheme\" style=\"background: linear-gradient(110deg, #0A4A3D 2.57%, rgba(5, 116, 99, 0.99) 59.47%, #009984 99.08%);\"><div class=\"container\">\n            <div class=\"grid\">\n            <div class=\"col-sm-12 col-bleed-y\">\n                <div class=\"Center\">\n                    <div class=\"breadcrumbsWrapper desktop-breadcrumbs\"><nav id=\"breadcrumbs\" aria-label=\"P\u00e3o ralado\"><ol><li><a href=\"https:\/\/brainandspine.southcoast.org\/pt\/\"><i class=\"fa-regular fa-house\"><\/i><span class=\"visually-hidden\">In\u00edcio<\/span><\/a><\/li><\/ol><\/nav><\/div><div class=\"breadcrumbsWrapper mobile-breadcrumbs\"><p id=\"mobile-breadcrumbs\"><span><span><a href=\"https:\/\/brainandspine.southcoast.org\/pt\"><i class=\"far fa-home\"><\/i><\/a><\/span> <i class=\"fa-solid fa-chevron-right separator\"><\/i> <span><a href=\"https:\/\/brainandspine.southcoast.org\/pt\/neurosurgery\/\">Neurocirurgia<\/a><\/span><\/span><\/p><\/div>                <\/div>\n            <\/div>\n        <\/div>\n        <div class=\"grid align-center\">\n        <div class=\"col-sm-10\">\n            <div class=\"Center\">\n\n                    <div class=\"mainCopyWrap\">\n            <h1>Radiocirurgia estereot\u00e1xica<\/h1>\n        <\/div>\n    \n                \n            <\/div>\n        <\/div>\n    <\/div>\n<\/div>\n    <div class=\"cornerArtWrapper cornerArt-small\">\n        <img decoding=\"async\" class=\"cornerArt\" src=\"https:\/\/brainandspine.southcoast.org\/wp-content\/themes\/southcoast_multisite\/images\/corner-art.svg\" alt=\"\">\n    <\/div>\n<\/div>\n\n\n\n\n<div  class=\"blockSettings  paddingTopSM paddingBottomSM copyFullFluid light\" style=\"\">\t<div class=\"container\">\n\t\t<div class=\"grid\">\n            \t\t\t<div class=\"copyFullWrap bg-white\">\n\t\t\t\t<div class=\"col-sm-12\">\n                    <div class=\"maincopy\">\n                        <h2>Radiocirurgia estereot\u00e1xica dispon\u00edvel na Southcoast Health<\/h2>\n<p>Se lhe foi diagnosticado um tumor cerebral, o <a href=\"https:\/\/www.southcoast.org\/doctors\/?specialties=neurosurgery&amp;search\">neurocirurgi\u00f5es<\/a> e <a href=\"https:\/\/www.southcoast.org\/doctors\/?specialties=radiation-oncology&amp;sort=alpha&amp;search\">oncologistas de radia\u00e7\u00e3o<\/a> Na Southcoast Health compreendemos que pretende encontrar o tratamento mais eficaz e menos invasivo. \u00c9 por isso que oferecemos radiocirurgia estereot\u00e1xica (SRS) no sudeste de Massachusetts e Rhode Island como tratamento para tumores cerebrais.<\/p>\n<p>Utilizando a tecnologia de colimador de folhas m\u00faltiplas, os nossos neurocirurgi\u00f5es t\u00eam a vantagem de fornecer um tratamento altamente direcionado para tumores de qualquer forma.<\/p>\n<p>A radiocirurgia estereot\u00e1xica \u00e9 uma das formas mais precisas de radioterapia utilizada para o tratamento n\u00e3o cir\u00fargico de tumores cerebrais e outras doen\u00e7as. Esta precis\u00e3o permite aos nossos neurologistas preservar o tecido saud\u00e1vel atrav\u00e9s de radia\u00e7\u00e3o direcionada com a ajuda de tecnologia de imagem 3D.<\/p>\n<p>No Southcoast Brain &amp; Spine Center, utilizamos esta terapia de radia\u00e7\u00e3o para tratar tumores cerebrais benignos e malignos, tais como:<\/p>\n<ul>\n<li>Meningioma<\/li>\n<li>Astrocitoma anapl\u00e1sico<\/li>\n<li>Craniofaringioma<\/li>\n<li>Glioma<\/li>\n<li>Glioblastoma<\/li>\n<li>Hemangioblastoma<\/li>\n<li>Dor facial<\/li>\n<li>Malforma\u00e7\u00f5es vasculares<\/li>\n<\/ul>\n<h2>Tratamento avan\u00e7ado para tumores cerebrais em MA e RI<\/h2>\n<p>A radia\u00e7\u00e3o estereot\u00e1xica oferece imagens tridimensionais para focar o feixe. A radia\u00e7\u00e3o danifica as c\u00e9lulas de ADN visadas, o que lhes retira a capacidade de se reproduzirem. Isto faz com que o tumor diminua e evita que se espalhe para outras partes do corpo. Quando utilizada no c\u00e9rebro ou na coluna vertebral, a radiocirurgia estereot\u00e1xica \u00e9 conclu\u00edda em apenas uma sess\u00e3o e n\u00e3o requer quaisquer incis\u00f5es.<\/p>\n<p><a href=\"https:\/\/www.southcoast.org\/doctors\/?specialties=neurosurgery&amp;search=\">Encontrar um neurocirurgi\u00e3o<\/a> no Southcoast Brain &amp; Spine Center para saber mais sobre Gamma Knife, acelerador linear, feixe de prot\u00f5es e outros tipos de radiocirurgia estereot\u00e1xica. Trabalharemos consigo para encontrar a melhor op\u00e7\u00e3o de tratamento para as suas necessidades de sa\u00fade.<\/p>\n<p><em>A Southcoast Health oferece tratamento de tumores cerebrais atrav\u00e9s de radiocirurgia estereot\u00e1xica em Fall River, Dartmouth, New Bedford, Wareham, MA e partes de Rhode Island atrav\u00e9s de <a href=\"https:\/\/www.southcoast.org\/services\/brain-and-spine-treatment\/\">Centro do c\u00e9rebro e da coluna vertebral de Southcoast<\/a>, <a href=\"https:\/\/www.southcoast.org\/locations\/hospitals\/charlton-memorial-hospital\/\">Hospital Memorial de Charlton<\/a>, <a href=\"https:\/\/www.southcoast.org\/locations\/hospitals\/st-lukes-hospital\/\">Hospital St. Luke's<\/a> e <a href=\"https:\/\/www.southcoast.org\/locations\/hospitals\/tobey-hospital\/\">Hospital Tobey<\/a>.<\/em><\/p>\n                    <\/div>\n\n                    \n                    <div class=\"ctaWrap ctaCenter\">\n                                                                                                        \n                                                                                                                            <\/div>\n\n\t\t\t\t<\/div>\n\t\t\t<\/div>\n            \n\n            \n\n            \t\t<\/div>\n\t<\/div>\n<\/div>","protected":false},"excerpt":{"rendered":"","protected":false},"author":11,"featured_media":0,"parent":2070,"menu_order":0,"comment_status":"closed","ping_status":"closed","template":"","meta":{"_acf_changed":false,"footnotes":""},"class_list":["post-2428","page","type-page","status-publish","hentry"],"acf":[],"yoast_head":"<!-- This site is optimized with the Yoast SEO plugin v26.0 - https:\/\/yoast.com\/wordpress\/plugins\/seo\/ -->\n<title>Stereotactic Radiosurgery - Brain and Spine<\/title>\n<meta name=\"description\" content=\"Southcoast Health stereotactic radiation offers three-dimensional imaging to focus the beam.\" \/>\n<meta name=\"robots\" content=\"index, follow, max-snippet:-1, max-image-preview:large, max-video-preview:-1\" \/>\n<link rel=\"canonical\" href=\"https:\/\/brainandspine.southcoast.org\/pt\/neurosurgery\/stereotactic-radiosurgery\/\" \/>\n<meta property=\"og:locale\" content=\"pt_PT\" \/>\n<meta property=\"og:type\" content=\"article\" \/>\n<meta property=\"og:title\" content=\"Stereotactic Radiosurgery - Brain and Spine\" \/>\n<meta property=\"og:description\" content=\"Southcoast Health stereotactic radiation offers three-dimensional imaging to focus the beam.\" \/>\n<meta property=\"og:url\" content=\"https:\/\/brainandspine.southcoast.org\/pt\/neurosurgery\/stereotactic-radiosurgery\/\" \/>\n<meta property=\"og:site_name\" content=\"Brain and Spine\" \/>\n<meta property=\"article:modified_time\" content=\"2025-09-02T18:27:16+00:00\" \/>\n<meta name=\"twitter:card\" content=\"summary_large_image\" \/>\n<script type=\"application\/ld+json\" class=\"yoast-schema-graph\">{\"@context\":\"https:\/\/schema.org\",\"@graph\":[{\"@type\":\"WebPage\",\"@id\":\"https:\/\/brainandspine.southcoast.org\/neurosurgery\/stereotactic-radiosurgery\/\",\"url\":\"https:\/\/brainandspine.southcoast.org\/neurosurgery\/stereotactic-radiosurgery\/\",\"name\":\"Stereotactic Radiosurgery - Brain and Spine\",\"isPartOf\":{\"@id\":\"https:\/\/brainandspine.southcoast.org\/#website\"},\"datePublished\":\"2025-08-14T21:43:38+00:00\",\"dateModified\":\"2025-09-02T18:27:16+00:00\",\"description\":\"Southcoast Health stereotactic radiation offers three-dimensional imaging to focus the beam.\",\"breadcrumb\":{\"@id\":\"https:\/\/brainandspine.southcoast.org\/neurosurgery\/stereotactic-radiosurgery\/#breadcrumb\"},\"inLanguage\":\"pt-PT\",\"potentialAction\":[{\"@type\":\"ReadAction\",\"target\":[\"https:\/\/brainandspine.southcoast.org\/neurosurgery\/stereotactic-radiosurgery\/\"]}]},{\"@type\":\"BreadcrumbList\",\"@id\":\"https:\/\/brainandspine.southcoast.org\/neurosurgery\/stereotactic-radiosurgery\/#breadcrumb\",\"itemListElement\":[{\"@type\":\"ListItem\",\"position\":1,\"name\":\"\",\"item\":\"https:\/\/brainandspine.southcoast.org\/\"},{\"@type\":\"ListItem\",\"position\":2,\"name\":\"Neurosurgery\",\"item\":\"https:\/\/brainandspine.southcoast.org\/neurosurgery\/\"},{\"@type\":\"ListItem\",\"position\":3,\"name\":\"Stereotactic Radiosurgery\"}]},{\"@type\":\"WebSite\",\"@id\":\"https:\/\/brainandspine.southcoast.org\/#website\",\"url\":\"https:\/\/brainandspine.southcoast.org\/\",\"name\":\"Brain and Spine\",\"description\":\"\",\"potentialAction\":[{\"@type\":\"SearchAction\",\"target\":{\"@type\":\"EntryPoint\",\"urlTemplate\":\"https:\/\/brainandspine.southcoast.org\/?s={search_term_string}\"},\"query-input\":{\"@type\":\"PropertyValueSpecification\",\"valueRequired\":true,\"valueName\":\"search_term_string\"}}],\"inLanguage\":\"pt-PT\"}]}<\/script>\n<!-- \/ Yoast SEO plugin. -->","yoast_head_json":{"title":"Stereotactic Radiosurgery - Brain and Spine","description":"Southcoast Health stereotactic radiation offers three-dimensional imaging to focus the beam.","robots":{"index":"index","follow":"follow","max-snippet":"max-snippet:-1","max-image-preview":"max-image-preview:large","max-video-preview":"max-video-preview:-1"},"canonical":"https:\/\/brainandspine.southcoast.org\/pt\/neurosurgery\/stereotactic-radiosurgery\/","og_locale":"pt_PT","og_type":"article","og_title":"Stereotactic Radiosurgery - Brain and Spine","og_description":"Southcoast Health stereotactic radiation offers three-dimensional imaging to focus the beam.","og_url":"https:\/\/brainandspine.southcoast.org\/pt\/neurosurgery\/stereotactic-radiosurgery\/","og_site_name":"Brain and Spine","article_modified_time":"2025-09-02T18:27:16+00:00","twitter_card":"summary_large_image","schema":{"@context":"https:\/\/schema.org","@graph":[{"@type":"WebPage","@id":"https:\/\/brainandspine.southcoast.org\/neurosurgery\/stereotactic-radiosurgery\/","url":"https:\/\/brainandspine.southcoast.org\/neurosurgery\/stereotactic-radiosurgery\/","name":"Stereotactic Radiosurgery - Brain and Spine","isPartOf":{"@id":"https:\/\/brainandspine.southcoast.org\/#website"},"datePublished":"2025-08-14T21:43:38+00:00","dateModified":"2025-09-02T18:27:16+00:00","description":"Southcoast Health stereotactic radiation offers three-dimensional imaging to focus the beam.","breadcrumb":{"@id":"https:\/\/brainandspine.southcoast.org\/neurosurgery\/stereotactic-radiosurgery\/#breadcrumb"},"inLanguage":"pt-PT","potentialAction":[{"@type":"ReadAction","target":["https:\/\/brainandspine.southcoast.org\/neurosurgery\/stereotactic-radiosurgery\/"]}]},{"@type":"BreadcrumbList","@id":"https:\/\/brainandspine.southcoast.org\/neurosurgery\/stereotactic-radiosurgery\/#breadcrumb","itemListElement":[{"@type":"ListItem","position":1,"name":"","item":"https:\/\/brainandspine.southcoast.org\/"},{"@type":"ListItem","position":2,"name":"Neurosurgery","item":"https:\/\/brainandspine.southcoast.org\/neurosurgery\/"},{"@type":"ListItem","position":3,"name":"Stereotactic Radiosurgery"}]},{"@type":"WebSite","@id":"https:\/\/brainandspine.southcoast.org\/#website","url":"https:\/\/brainandspine.southcoast.org\/","name":"C\u00e9rebro e coluna vertebral","description":"","potentialAction":[{"@type":"SearchAction","target":{"@type":"EntryPoint","urlTemplate":"https:\/\/brainandspine.southcoast.org\/?s={search_term_string}"},"query-input":{"@type":"PropertyValueSpecification","valueRequired":true,"valueName":"search_term_string"}}],"inLanguage":"pt-PT"}]}},"_links":{"self":[{"href":"https:\/\/brainandspine.southcoast.org\/pt\/wp-json\/wp\/v2\/pages\/2428","targetHints":{"allow":["GET"]}}],"collection":[{"href":"https:\/\/brainandspine.southcoast.org\/pt\/wp-json\/wp\/v2\/pages"}],"about":[{"href":"https:\/\/brainandspine.southcoast.org\/pt\/wp-json\/wp\/v2\/types\/page"}],"author":[{"embeddable":true,"href":"https:\/\/brainandspine.southcoast.org\/pt\/wp-json\/wp\/v2\/users\/11"}],"replies":[{"embeddable":true,"href":"https:\/\/brainandspine.southcoast.org\/pt\/wp-json\/wp\/v2\/comments?post=2428"}],"version-history":[{"count":4,"href":"https:\/\/brainandspine.southcoast.org\/pt\/wp-json\/wp\/v2\/pages\/2428\/revisions"}],"predecessor-version":[{"id":2432,"href":"https:\/\/brainandspine.southcoast.org\/pt\/wp-json\/wp\/v2\/pages\/2428\/revisions\/2432"}],"up":[{"embeddable":true,"href":"https:\/\/brainandspine.southcoast.org\/pt\/wp-json\/wp\/v2\/pages\/2070"}],"wp:attachment":[{"href":"https:\/\/brainandspine.southcoast.org\/pt\/wp-json\/wp\/v2\/media?parent=2428"}],"curies":[{"name":"wp","href":"https:\/\/api.w.org\/{rel}","templated":true}]}}