{"id":2101,"date":"2025-06-18T18:19:01","date_gmt":"2025-06-18T18:19:01","guid":{"rendered":"https:\/\/brainandspine.test-southcoast-health-multi.southcoast-health.org\/?page_id=2101"},"modified":"2025-10-01T20:18:53","modified_gmt":"2025-10-01T20:18:53","slug":"stroke-care","status":"publish","type":"page","link":"https:\/\/brainandspine.southcoast.org\/pt\/stroke-care\/","title":{"rendered":"Cuidados com o AVC"},"content":{"rendered":"<div  class=\"blockSettings    hero-main-block show-breadcrumbs\" style=\"\"><div class=\"background\"><\/div>\n<div class=\"container\">\n\n    <div class=\"breadcrumbsWrapper desktop-breadcrumbs\"><nav id=\"breadcrumbs\" aria-label=\"P\u00e3o ralado\"><ol><li><a href=\"https:\/\/brainandspine.southcoast.org\/pt\/\"><i class=\"fa-regular fa-house\"><\/i><span class=\"visually-hidden\">In\u00edcio<\/span><\/a><\/li><\/ol><\/nav><\/div><div class=\"breadcrumbsWrapper mobile-breadcrumbs\"><p id=\"mobile-breadcrumbs\" class=\"mobile-back-nav\"><span><span><a href=\"#\" onclick=\"return handleBackNavigation();\"><i class=\"fa-solid fa-chevron-left back-arrow\"><\/i> Voltar<\/a><\/span><\/span><\/p>\t\t<script>\n\t\t\tfunction handleBackNavigation() {\n\t\t\t\tif (window.history.length > 1) {\n\t\t\t\t\twindow.history.back();\n\t\t\t\t} else {\n\t\t\t\t\twindow.location.href = 'https:\/\/brainandspine.southcoast.org\/pt';\n\t\t\t\t}\n\t\t\t\treturn false;\n\t\t\t}\n\t\t<\/script>\n<\/div>    <div class=\"grid\">\n        <div class=\"col-bleed-y\">\n            <div class=\"inner-wrap\">\n                <div class=\"content-col\">\n                                            <h1>Cuidados com o AVC\u00a0<\/h1>\n                                        <div class=\"copy-wrap\">\n                                                    <p>Quando ocorre um AVC, cada segundo conta. A nossa equipa premiada de cuidados de AVC est\u00e1 treinada para responder rapidamente com cuidados especializados concebidos para minimizar os danos, maximizar a recupera\u00e7\u00e3o e ajud\u00e1-lo a regressar \u00e0 vida que adora.<\/p>\n                                            <\/div>\n                                            <div class=\"cta-wrap\">\n                                                            <a aria-label=\"link para marcar uma consulta\" class=\"mainCTA shadow dark1\" href=\"https:\/\/www.southcoast.org\/find-a-provider\/?query=Neurology\" target=\"_blank\" title=\"Abre Marcar uma consulta num novo separador ou janela\" rel=\"noopener noreferrer\">Marcar uma consulta<span class=\"fa-regular fa-up-right-from-square\"><\/span><\/a>                                                                                <\/div>\n                                    <\/div>\n                <div class=\"media-col\">\n                                            <img\n                            class=\"main-img\"\n                            src=\"https:\/\/brainandspine.southcoast.org\/wp-content\/uploads\/sites\/6\/2025\/06\/891527b9223e828a1cfdd701ae94ea881bdbd2c4-scaled.jpg\"\n                                                        srcset=\"https:\/\/brainandspine.southcoast.org\/wp-content\/uploads\/sites\/6\/2025\/06\/891527b9223e828a1cfdd701ae94ea881bdbd2c4-scaled.jpg 2560w, https:\/\/brainandspine.southcoast.org\/wp-content\/uploads\/sites\/6\/2025\/06\/891527b9223e828a1cfdd701ae94ea881bdbd2c4-300x200.jpg 300w, https:\/\/brainandspine.southcoast.org\/wp-content\/uploads\/sites\/6\/2025\/06\/891527b9223e828a1cfdd701ae94ea881bdbd2c4-1024x683.jpg 1024w, https:\/\/brainandspine.southcoast.org\/wp-content\/uploads\/sites\/6\/2025\/06\/891527b9223e828a1cfdd701ae94ea881bdbd2c4-768x512.jpg 768w, https:\/\/brainandspine.southcoast.org\/wp-content\/uploads\/sites\/6\/2025\/06\/891527b9223e828a1cfdd701ae94ea881bdbd2c4-1536x1024.jpg 1536w, https:\/\/brainandspine.southcoast.org\/wp-content\/uploads\/sites\/6\/2025\/06\/891527b9223e828a1cfdd701ae94ea881bdbd2c4-2048x1366.jpg 2048w\"\n                            sizes=\"(max-width: 768px) 100vw, (max-width: 1200px) 50vw, 800px\"\n                                                        alt=\"\"\n                            loading=\"eager\"\n                            decoding=\"async\"\n                            fetchpriority=\"high\">\n                                                            <img decoding=\"async\" class=\"corner-art\" src=\"https:\/\/brainandspine.southcoast.org\/wp-content\/themes\/southcoast_multisite\/images\/corner-art.svg\">\n                <\/div>\n            <\/div>\n        <\/div>\n    <\/div>\n<\/div>\n\n<script>\n    document.querySelectorAll('.play-button').forEach(button => {\n        button.addEventListener('click', function() {\n            const modal = this.nextElementSibling;\n            modal.style.display = 'block';\n            document.body.style.overflow = 'hidden';\n        });\n    });\n\n    document.querySelectorAll('.close-modal, .modal-overlay').forEach(element => {\n        element.addEventListener('click', function() {\n            const modal = this.closest('.video-modal');\n            modal.style.display = 'none';\n            document.body.style.overflow = '';\n        });\n    });\n<\/script>\n<\/div>\n\n\n\n\n<div  class=\"blockSettings  paddingTopSM paddingBottomMD bannerFluid light\" style=\"\"><div class=\"container\">\n    <div class=\"grid\">\n        <div class=\"col-sm-12\">\n            <div class=\"inner\">\n                                    <img decoding=\"async\" class=\"pulse\" src=\"https:\/\/brainandspine.southcoast.org\/wp-content\/themes\/southcoast_multisite\/images\/pulse.svg\" alt=\"\">\n                                <div class=\"copy\">\n                        <div class=\"mainCopyWrap\">\n            <h3>Todos os tr\u00eas hospitais da Southcoast Health s\u00e3o Centros Prim\u00e1rios de AVC certificados pela The Joint Commision. <\/h3>\n        <\/div>\n                    <\/div>\n                <div class=\"media\">\n                    \n                        <img decoding=\"async\" class=\"doctor\" src=\"https:\/\/brainandspine.southcoast.org\/wp-content\/uploads\/sites\/6\/2025\/07\/The-Joint-commission-seal.png\" alt=\"\">\n                        <img decoding=\"async\" class=\"graphical\" src=\"https:\/\/brainandspine.southcoast.org\/wp-content\/themes\/southcoast_multisite\/images\/corner-art.svg\" alt=\"\">\n\n\n                                    <\/div>\n            <\/div>\n        <\/div>\n    <\/div>\n<\/div>\n<\/div>\n\n\n<div  class=\"blockSettings  paddingTopMD paddingBottomMD multiple-media-object-block light\" style=\"\"><div class=\"container\">\n    <div class=\"grid\">\n        <div class=\"col-sm-12\">\n            <div class=\"inner left disc\">\n                <div class=\"copy\">\n                        <div class=\"mainCopyWrap\">\n            <h2>Cuidados com o AVC na Southcoast Health\u00a0<\/h2>\n    <div class=\"paragraphWrap\"><p>Desde os primeiros sinais de AVC at\u00e9 \u00e0 reabilita\u00e7\u00e3o a longo prazo, <strong>estamos ao seu lado a cada passo do caminho<\/strong>. Reunimos uma equipa de especialistas, incluindo neurologistas, neurocirurgi\u00f5es, radiologistas e enfermeiros certificados em AVC - que est\u00e3o prontos 24 horas por dia, 7 dias por semana, para fornecer tratamento avan\u00e7ado para as suas necessidades espec\u00edficas.<\/p>\n<p>O nosso programa de AVC \u00e9 certificado pelo <a href=\"https:\/\/www.stroke.org\/\" target=\"_blank\" rel=\"noopener\">American Heart Association\/American Stroke Association (Associa\u00e7\u00e3o Americana do Cora\u00e7\u00e3o\/Associa\u00e7\u00e3o Americana do AVC)<\/a> e trata uma vasta gama de doen\u00e7as relacionadas com o AVC, incluindo:<\/p>\n<ul>\n<li><strong>Acidente vascular cerebral isqu\u00e9mico e hemorr\u00e1gico<\/strong> - causada por bloqueio ou rutura de vasos sangu\u00edneos no c\u00e9rebro<\/li>\n<li><strong>AIT (ataque isqu\u00e9mico transit\u00f3rio)<\/strong> - por vezes designado por \"mini-AVC\"<\/li>\n<li><strong>Aneurisma<\/strong> - um vaso sangu\u00edneo enfraquecido e saliente que pode romper-se<\/li>\n<li><strong>MAV (malforma\u00e7\u00e3o arteriovenosa)<\/strong> - um emaranhado anormal de vasos sangu\u00edneos<\/li>\n<li><strong>Hemorragia subaracn\u00f3idea<\/strong> - hemorragia entre o c\u00e9rebro e o seu revestimento<\/li>\n<\/ul>\n<p>Oferecemos tamb\u00e9m medicamentos para desobstru\u00e7\u00e3o de co\u00e1gulos, procedimentos baseados em cateteres, educa\u00e7\u00e3o sobre AVC e servi\u00e7os de reabilita\u00e7\u00e3o personalizados, como terapia f\u00edsica, ocupacional e da fala.<\/p>\n<\/div>    <\/div>\n    \n                <\/div>\n                <div class=\"images\">\n                                            <img decoding=\"async\" class=\"first\" src=\"https:\/\/brainandspine.southcoast.org\/wp-content\/uploads\/sites\/6\/2025\/08\/TOH_Stroke-Awards-2025.jpg\" alt=\"\">\n                                                                <img decoding=\"async\" class=\"second\" src=\"https:\/\/brainandspine.southcoast.org\/wp-content\/uploads\/sites\/6\/2025\/08\/SLH_Stroke-Awards-2025_2.jpg\" alt=\"\">\n                                                                <img decoding=\"async\" class=\"third\" src=\"https:\/\/brainandspine.southcoast.org\/wp-content\/uploads\/sites\/6\/2025\/07\/Hands-Holding-Brain-Stroke-Care.jpg\" alt=\"\">\n                                    <\/div>\n\n            <\/div>\n        <\/div>\n    <\/div>\n<\/div>\n<\/div>\n\n\n<div  class=\"blockSettings  paddingTopMD paddingBottomMD media-object-block light\" style=\"background-color:#E9F7F4;\"><div class=\"container\">\n\t<div class=\"grid\">\n\t\t<div class=\"col-sm-12\">\n\t\t\t<div class=\"inner image-right list-style-disc inner-bg\" style=\"background-color: #E9F7F4;\">\n\t\t\t\t<div class=\"copy\">\n\t\t\t\t\t    <div class=\"mainCopyWrap\">\n            <h2>Sintomas de AVC s\u00fabito\u00a0<\/h2>\n    <div class=\"paragraphWrap\"><p>Os sintomas de um AVC surgem rapidamente. Saber o que procurar <strong>e actuando rapidamente<\/strong> - pode salvar uma vida. Ligue imediatamente para o 112 se detetar alguma das seguintes situa\u00e7\u00f5es:<\/p>\n<ul>\n<li><strong>Dorm\u00eancia ou fraqueza s\u00fabita no rosto, bra\u00e7o ou perna (especialmente de um lado)<\/strong><\/li>\n<li><strong>Queda s\u00fabita de um lado do rosto<\/strong><\/li>\n<li><strong>Confus\u00e3o s\u00fabita ou dificuldade em falar ou compreender<\/strong><\/li>\n<li><strong>dificuldade s\u00fabita em ver num ou em ambos os olhos<\/strong><\/li>\n<li><strong>dificuldade s\u00fabita em andar, tonturas ou perda de equil\u00edbrio<\/strong><\/li>\n<li><strong>Dor de cabe\u00e7a s\u00fabita e intensa sem causa conhecida<\/strong><\/li>\n<\/ul>\n<p>Quando surgirem sintomas de AVC, n\u00e3o espere. Estamos preparados para prestar os cuidados imediatos de que voc\u00ea ou o seu ente querido necessitam.<\/p>\n<\/div>    <\/div>\n    \t\t\t\t<\/div>\n\t\t\t\t\t\t\t\t<div class=\"images\">\n\t\t\t\t\t\t<img decoding=\"async\" class=\"single\" src=\"https:\/\/brainandspine.southcoast.org\/wp-content\/uploads\/sites\/6\/2025\/06\/e8a150c6c49399edaa70b6afd16b78ccf757fa6f-scaled.jpg\" alt=\"\">\n\t\t\t\t\t\t\t\t\t\t\t\t\t    <div class=\"cornerArtWrapper cornerArt-small\">\n        <img decoding=\"async\" class=\"cornerArt\" src=\"https:\/\/brainandspine.southcoast.org\/wp-content\/themes\/southcoast_multisite\/images\/corner-art.svg\" alt=\"\">\n    <\/div>\n\t\t\t\t\t\t\t\t\t\t<\/div>\n\t\t\t\t\n\t\t\t<\/div>\n\t\t<\/div>\n\t<\/div>\n<\/div>\n<\/div>\n\n\n<div  class=\"blockSettings  paddingTopSM paddingBottomMD cardMultiFluid light\" style=\"\">    <div class=\"container\">\n        <div class=\"grid\">\n            <div class=\"col-sm-12\">\n                <div class=\"introCenter\">\n                    <div class=\"maincopy intro\">\n                        <h2>Reconhecido a n\u00edvel nacional pelos cuidados com o AVC<\/h2>\n                                            <\/div>\n                                                                                                                                                                                                <\/div>\n            <\/div>\n        <\/div>\n\n\n        <!--Manual Cards-->\n        <div class=\"grid\">\n                                                <div class=\"col-sm-6 col-md-6 col-grid\">\n                        <div class=\"cardBasic border\">\n                            <div class=\"cardImage\" style=\"background-image:url('https:\/\/brainandspine.southcoast.org\/wp-content\/uploads\/sites\/6\/2025\/07\/American-Heart-Association-2024-Stroke-Award.png');\"><\/div>\n                            <div class=\"cardBasicBody\">\n                                <h2>Os tr\u00eas hospitais da Southcoast Health recebem reconhecimento nacional pelo seu empenho na presta\u00e7\u00e3o de cuidados de elevada qualidade em caso de AVC<\/h2>\n                                                                    <div class=\"excerpt\">\n                                        <p>Luke's Hospital foram galardoados com o pr\u00e9mio Get With The Guidelines\u00ae - Stroke Gold Plus da American Heart Association com o Target: Rolo de Honra Stroke Elite e Alvo: Pr\u00e9mio de honra para a diabetes tipo 2. O Tobey Hospital recebeu o pr\u00e9mio Get With The Guidelines - Stroke Gold Plus with Target: Stroke Honor Roll e Target: Pr\u00e9mio do Quadro de Honra para a Diabetes Tipo 2.<\/p>\n                                    <\/div>\n                                \n                                                                    \n                                                                                    <a class=\"cardLink icon-right\" href=\"https:\/\/www.southcoast.org\/high-quality-stroke-care\/\" target=\"_self\">\n                                                                                                    <span class=\"cardIcon fa-classic fa-light fa-arrow-up-right\"><\/span>\n                                                                                                <span class=\"cardLinkText\">Ler mais<\/span>\n                                            <\/a>\n                                        \n\n                                                                    \n                            <\/div>\n                        <\/div>\n                    <\/div>\n                                    <div class=\"col-sm-6 col-md-6 col-grid\">\n                        <div class=\"cardBasic border\">\n                            <div class=\"cardImage\" style=\"background-image:url('https:\/\/brainandspine.southcoast.org\/wp-content\/uploads\/sites\/6\/2025\/07\/Stroke-Awards-2025.png');\"><\/div>\n                            <div class=\"cardBasicBody\">\n                                <h2>Todos os tr\u00eas hospitais da Southcoast Health ganharam o Gold Seal of Approval\u00ae da The Joint Commission e a marca Heart-Check da American Stroke Association para a certifica\u00e7\u00e3o Advanced Primary Stroke Center.<\/h2>\n                                                                    <div class=\"excerpt\">\n                                        <p>Para obter esta prestigiada certifica\u00e7\u00e3o de dois anos, a Southcoast Health foi submetida a uma revis\u00e3o rigorosa e n\u00e3o anunciada no local no final de 2024. Durante a visita, uma equipa de revisores da Joint Commission avaliou a conformidade com as normas de certifica\u00e7\u00e3o relacionadas, incluindo a gest\u00e3o de programas e a presta\u00e7\u00e3o e facilita\u00e7\u00e3o de cuidados cl\u00ednicos.<\/p>\n                                    <\/div>\n                                \n                                                                    \n                                                                                    <a class=\"cardLink icon-right\" href=\"https:\/\/www.southcoast.org\/stroke-certification-joint-commission\/\" target=\"_blank\">\n                                                                                                    <span class=\"cardIcon fa-classic fa-light fa-arrow-up-right\"><\/span>\n                                                                                                <span class=\"cardLinkText\">Ler mais<\/span>\n                                            <\/a>\n                                        \n\n                                                                    \n                            <\/div>\n                        <\/div>\n                    <\/div>\n                                    <\/div>\n    <\/div>\n<\/div>\n\n\n<div id=\"\" class=\"bannerFluidTwo paddingTopSM paddingBottomMD\">\n    \n        <div class=\"grid\">\n            <div class=\"col-sm-12 col-bleed\">\n                <div class=\"banner-content-wrap  darkTheme\" style=\"background-image:url(https:\/\/brainandspine.southcoast.org\/wp-content\/uploads\/sites\/6\/2025\/07\/American-Heart-Association-2024-Stroke-Award.png);background-size:cover;background-position:center center; \">\n                    \n                                            <div class=\"overlay\" style=\"\"><\/div>\n                    \n                    <div class=\"banner-content container\">\n                            <div class=\"mainCopyWrap\">\n            <h2>Comece a trabalhar hoje<\/h2>\n    <div class=\"paragraphWrap\"><p>O cuidado certo, na hora certa, pode fazer uma grande diferen\u00e7a. D\u00ea o primeiro passo para a preven\u00e7\u00e3o, tratamento ou recupera\u00e7\u00e3o do AVC com a Southcoast Health.<\/p><\/div>    <\/div>\n                                <div class=\"ctaWrap\">\n                    <a aria-label=\"link para encontrar um local de atendimento perto de si\" class=\"mainCTA shadow dark1\" href=\"https:\/\/www.southcoast.org\/locations\/?service=Neurology\" target=\"_blank\" title=\"Abre Encontrar um local de atendimento perto de voc\u00ea em uma nova guia ou janela\" rel=\"noopener noreferrer\">Encontrar um local de cuidados perto de si<span class=\"fa-regular fa-up-right-from-square\"><\/span><\/a>                    <a aria-label=\"link para marcar uma consulta\" class=\"mainCTA shadow dark2\" href=\"https:\/\/www.southcoast.org\/find-a-provider\/?query=Neurology\" target=\"_blank\" title=\"Abre Marcar uma consulta num novo separador ou janela\" rel=\"noopener noreferrer\">Marcar uma consulta<span class=\"fa-regular fa-up-right-from-square\"><\/span><\/a>            <\/div>\n    \n                    <\/div>\n                <\/div>\n            <\/div>\n        <\/div>\n\n        <\/div>","protected":false},"excerpt":{"rendered":"","protected":false},"author":19,"featured_media":0,"parent":0,"menu_order":0,"comment_status":"closed","ping_status":"closed","template":"","meta":{"_acf_changed":false,"footnotes":""},"class_list":["post-2101","page","type-page","status-publish","hentry"],"acf":[],"yoast_head":"<!-- This site is optimized with the Yoast SEO plugin v26.0 - https:\/\/yoast.com\/wordpress\/plugins\/seo\/ -->\n<title>Stroke Care - Brain and Spine<\/title>\n<meta name=\"description\" content=\"Expert stroke care at Southcoast Health with rapid response, advanced treatment, and compassionate recovery support, all available close to home in MA and RI.\" \/>\n<meta name=\"robots\" content=\"index, follow, max-snippet:-1, max-image-preview:large, max-video-preview:-1\" \/>\n<link rel=\"canonical\" href=\"https:\/\/brainandspine.southcoast.org\/pt\/stroke-care\/\" \/>\n<meta property=\"og:locale\" content=\"pt_PT\" \/>\n<meta property=\"og:type\" content=\"article\" \/>\n<meta property=\"og:title\" content=\"Stroke Care - Brain and Spine\" \/>\n<meta property=\"og:description\" content=\"Expert stroke care at Southcoast Health with rapid response, advanced treatment, and compassionate recovery support, all available close to home in MA and RI.\" \/>\n<meta property=\"og:url\" content=\"https:\/\/brainandspine.southcoast.org\/pt\/stroke-care\/\" \/>\n<meta property=\"og:site_name\" content=\"Brain and Spine\" \/>\n<meta property=\"article:modified_time\" content=\"2025-10-01T20:18:53+00:00\" \/>\n<meta name=\"twitter:card\" content=\"summary_large_image\" \/>\n<script type=\"application\/ld+json\" class=\"yoast-schema-graph\">{\"@context\":\"https:\/\/schema.org\",\"@graph\":[{\"@type\":\"WebPage\",\"@id\":\"https:\/\/brainandspine.southcoast.org\/stroke-care\/\",\"url\":\"https:\/\/brainandspine.southcoast.org\/stroke-care\/\",\"name\":\"Stroke Care - Brain and Spine\",\"isPartOf\":{\"@id\":\"https:\/\/brainandspine.southcoast.org\/#website\"},\"datePublished\":\"2025-06-18T18:19:01+00:00\",\"dateModified\":\"2025-10-01T20:18:53+00:00\",\"description\":\"Expert stroke care at Southcoast Health with rapid response, advanced treatment, and compassionate recovery support, all available close to home in MA and RI.\",\"breadcrumb\":{\"@id\":\"https:\/\/brainandspine.southcoast.org\/stroke-care\/#breadcrumb\"},\"inLanguage\":\"pt-PT\",\"potentialAction\":[{\"@type\":\"ReadAction\",\"target\":[\"https:\/\/brainandspine.southcoast.org\/stroke-care\/\"]}]},{\"@type\":\"BreadcrumbList\",\"@id\":\"https:\/\/brainandspine.southcoast.org\/stroke-care\/#breadcrumb\",\"itemListElement\":[{\"@type\":\"ListItem\",\"position\":1,\"name\":\"\",\"item\":\"https:\/\/brainandspine.southcoast.org\/\"},{\"@type\":\"ListItem\",\"position\":2,\"name\":\"Stroke Care\"}]},{\"@type\":\"WebSite\",\"@id\":\"https:\/\/brainandspine.southcoast.org\/#website\",\"url\":\"https:\/\/brainandspine.southcoast.org\/\",\"name\":\"Brain and Spine\",\"description\":\"\",\"potentialAction\":[{\"@type\":\"SearchAction\",\"target\":{\"@type\":\"EntryPoint\",\"urlTemplate\":\"https:\/\/brainandspine.southcoast.org\/?s={search_term_string}\"},\"query-input\":{\"@type\":\"PropertyValueSpecification\",\"valueRequired\":true,\"valueName\":\"search_term_string\"}}],\"inLanguage\":\"pt-PT\"}]}<\/script>\n<!-- \/ Yoast SEO plugin. -->","yoast_head_json":{"title":"Stroke Care - Brain and Spine","description":"Expert stroke care at Southcoast Health with rapid response, advanced treatment, and compassionate recovery support, all available close to home in MA and RI.","robots":{"index":"index","follow":"follow","max-snippet":"max-snippet:-1","max-image-preview":"max-image-preview:large","max-video-preview":"max-video-preview:-1"},"canonical":"https:\/\/brainandspine.southcoast.org\/pt\/stroke-care\/","og_locale":"pt_PT","og_type":"article","og_title":"Stroke Care - Brain and Spine","og_description":"Expert stroke care at Southcoast Health with rapid response, advanced treatment, and compassionate recovery support, all available close to home in MA and RI.","og_url":"https:\/\/brainandspine.southcoast.org\/pt\/stroke-care\/","og_site_name":"Brain and Spine","article_modified_time":"2025-10-01T20:18:53+00:00","twitter_card":"summary_large_image","schema":{"@context":"https:\/\/schema.org","@graph":[{"@type":"WebPage","@id":"https:\/\/brainandspine.southcoast.org\/stroke-care\/","url":"https:\/\/brainandspine.southcoast.org\/stroke-care\/","name":"Stroke Care - Brain and Spine","isPartOf":{"@id":"https:\/\/brainandspine.southcoast.org\/#website"},"datePublished":"2025-06-18T18:19:01+00:00","dateModified":"2025-10-01T20:18:53+00:00","description":"Expert stroke care at Southcoast Health with rapid response, advanced treatment, and compassionate recovery support, all available close to home in MA and RI.","breadcrumb":{"@id":"https:\/\/brainandspine.southcoast.org\/stroke-care\/#breadcrumb"},"inLanguage":"pt-PT","potentialAction":[{"@type":"ReadAction","target":["https:\/\/brainandspine.southcoast.org\/stroke-care\/"]}]},{"@type":"BreadcrumbList","@id":"https:\/\/brainandspine.southcoast.org\/stroke-care\/#breadcrumb","itemListElement":[{"@type":"ListItem","position":1,"name":"","item":"https:\/\/brainandspine.southcoast.org\/"},{"@type":"ListItem","position":2,"name":"Stroke Care"}]},{"@type":"WebSite","@id":"https:\/\/brainandspine.southcoast.org\/#website","url":"https:\/\/brainandspine.southcoast.org\/","name":"C\u00e9rebro e coluna vertebral","description":"","potentialAction":[{"@type":"SearchAction","target":{"@type":"EntryPoint","urlTemplate":"https:\/\/brainandspine.southcoast.org\/?s={search_term_string}"},"query-input":{"@type":"PropertyValueSpecification","valueRequired":true,"valueName":"search_term_string"}}],"inLanguage":"pt-PT"}]}},"_links":{"self":[{"href":"https:\/\/brainandspine.southcoast.org\/pt\/wp-json\/wp\/v2\/pages\/2101","targetHints":{"allow":["GET"]}}],"collection":[{"href":"https:\/\/brainandspine.southcoast.org\/pt\/wp-json\/wp\/v2\/pages"}],"about":[{"href":"https:\/\/brainandspine.southcoast.org\/pt\/wp-json\/wp\/v2\/types\/page"}],"author":[{"embeddable":true,"href":"https:\/\/brainandspine.southcoast.org\/pt\/wp-json\/wp\/v2\/users\/19"}],"replies":[{"embeddable":true,"href":"https:\/\/brainandspine.southcoast.org\/pt\/wp-json\/wp\/v2\/comments?post=2101"}],"version-history":[{"count":27,"href":"https:\/\/brainandspine.southcoast.org\/pt\/wp-json\/wp\/v2\/pages\/2101\/revisions"}],"predecessor-version":[{"id":2593,"href":"https:\/\/brainandspine.southcoast.org\/pt\/wp-json\/wp\/v2\/pages\/2101\/revisions\/2593"}],"wp:attachment":[{"href":"https:\/\/brainandspine.southcoast.org\/pt\/wp-json\/wp\/v2\/media?parent=2101"}],"curies":[{"name":"wp","href":"https:\/\/api.w.org\/{rel}","templated":true}]}}