{"id":1790,"date":"2025-05-09T19:24:29","date_gmt":"2025-05-09T19:24:29","guid":{"rendered":"https:\/\/brainandspine.test-southcoast-health-multi.southcoast-health.org\/?page_id=1790"},"modified":"2025-09-10T16:06:02","modified_gmt":"2025-09-10T16:06:02","slug":"team","status":"publish","type":"page","link":"https:\/\/brainandspine.southcoast.org\/pt\/team\/","title":{"rendered":"Conhe\u00e7a a equipa"},"content":{"rendered":"<div  class=\"blockSettings    hero-main-block show-breadcrumbs\" style=\"\"><div class=\"background\"><\/div>\n<div class=\"container\">\n\n    <div class=\"breadcrumbsWrapper desktop-breadcrumbs\"><nav id=\"breadcrumbs\" aria-label=\"P\u00e3o ralado\"><ol><li><a href=\"https:\/\/brainandspine.southcoast.org\/pt\/\"><i class=\"fa-regular fa-house\"><\/i><span class=\"visually-hidden\">In\u00edcio<\/span><\/a><\/li><\/ol><\/nav><\/div><div class=\"breadcrumbsWrapper mobile-breadcrumbs\"><p id=\"mobile-breadcrumbs\" class=\"mobile-back-nav\"><span><span><a href=\"#\" onclick=\"return handleBackNavigation();\"><i class=\"fa-solid fa-chevron-left back-arrow\"><\/i> Voltar<\/a><\/span><\/span><\/p>\t\t<script>\n\t\t\tfunction handleBackNavigation() {\n\t\t\t\tif (window.history.length > 1) {\n\t\t\t\t\twindow.history.back();\n\t\t\t\t} else {\n\t\t\t\t\twindow.location.href = 'https:\/\/brainandspine.southcoast.org\/pt';\n\t\t\t\t}\n\t\t\t\treturn false;\n\t\t\t}\n\t\t<\/script>\n<\/div>    <div class=\"grid\">\n        <div class=\"col-bleed-y\">\n            <div class=\"inner-wrap\">\n                <div class=\"content-col\">\n                                            <h1>Conhe\u00e7a a equipa<\/h1>\n                                        <div class=\"copy-wrap\">\n                                                    <p>A nossa equipa dedicada de cirurgi\u00f5es especializados e especialistas est\u00e1 empenhada em prestar cuidados cl\u00ednicos excepcionais. A nossa equipa trabalha em colabora\u00e7\u00e3o para fornecer servi\u00e7os e programas abrangentes em todos os nossos locais, garantindo o mais elevado padr\u00e3o de cuidados para si.<\/p>\n                                            <\/div>\n                                    <\/div>\n                <div class=\"media-col\">\n                                            <img\n                            class=\"main-img\"\n                            src=\"https:\/\/brainandspine.southcoast.org\/wp-content\/uploads\/sites\/6\/2025\/09\/Neurosurgery-Team-2025-Dowd-Philips.jpg\"\n                                                        srcset=\"https:\/\/brainandspine.southcoast.org\/wp-content\/uploads\/sites\/6\/2025\/09\/Neurosurgery-Team-2025-Dowd-Philips.jpg 1920w, https:\/\/brainandspine.southcoast.org\/wp-content\/uploads\/sites\/6\/2025\/09\/Neurosurgery-Team-2025-Dowd-Philips-300x200.jpg 300w, https:\/\/brainandspine.southcoast.org\/wp-content\/uploads\/sites\/6\/2025\/09\/Neurosurgery-Team-2025-Dowd-Philips-1024x684.jpg 1024w, https:\/\/brainandspine.southcoast.org\/wp-content\/uploads\/sites\/6\/2025\/09\/Neurosurgery-Team-2025-Dowd-Philips-768x513.jpg 768w, https:\/\/brainandspine.southcoast.org\/wp-content\/uploads\/sites\/6\/2025\/09\/Neurosurgery-Team-2025-Dowd-Philips-1536x1026.jpg 1536w\"\n                            sizes=\"(max-width: 768px) 100vw, (max-width: 1200px) 50vw, 800px\"\n                                                        alt=\"\"\n                            loading=\"eager\"\n                            decoding=\"async\"\n                            fetchpriority=\"high\">\n                                                            <img decoding=\"async\" class=\"corner-art\" src=\"https:\/\/brainandspine.southcoast.org\/wp-content\/themes\/southcoast_multisite\/images\/corner-art.svg\">\n                <\/div>\n            <\/div>\n        <\/div>\n    <\/div>\n<\/div>\n\n<script>\n    document.querySelectorAll('.play-button').forEach(button => {\n        button.addEventListener('click', function() {\n            const modal = this.nextElementSibling;\n            modal.style.display = 'block';\n            document.body.style.overflow = 'hidden';\n        });\n    });\n\n    document.querySelectorAll('.close-modal, .modal-overlay').forEach(element => {\n        element.addEventListener('click', function() {\n            const modal = this.closest('.video-modal');\n            modal.style.display = 'none';\n            document.body.style.overflow = '';\n        });\n    });\n<\/script>\n<\/div>\n\n\n<div  class=\"blockSettings  paddingTopSM paddingBottomSM teamFluid light\" style=\"background-color:#f6f7f7;\"><div class=\"container\">\n    <div class=\"grid\">\n        <div class=\"col-sm-12\">\n            <div class=\"introCenter\">\n                    <div class=\"mainCopyWrap\">\n            <h2>Equipa do c\u00e9rebro e da coluna vertebral de Southcoast <\/h2>\n        <\/div>\n                    \n            <\/div>\n        <\/div>\n    <\/div>\n\n            <div class=\"blockSeparator\"><\/div>\n    \n    <div class=\"teamContentWrap\">\n                    <div class=\"sliderArrows\">\n                <button class=\"prev-slide\"><i class=\"fa-light fa-chevron-left\"><\/i><\/button>\n                <button class=\"next-slide\"><i class=\"fa-light fa-chevron-right\"><\/i><\/button>\n            <\/div>\n        \n        <div class=\"grid  teamSlider sliderBleed\" data-slide-cols=\"5\" >\n                                <div class=\"col-6  col-grid\">\n                                                        <a href=\"https:\/\/www.southcoast.org\/doctors\/matthew-philips-md\/\" target=\"_blank\" class=\"teamCardLink\">\n                                    <div class=\"teamCard\">\n                                                                                    <div class=\"teamImage\">\n                                                <img decoding=\"async\" src=\"https:\/\/brainandspine.southcoast.org\/wp-content\/uploads\/sites\/6\/2025\/07\/philips-matthew-150x200-1.png\" alt=\"\" \/>\n                                            <\/div>\n                                                                                <div class=\"teamCardBody\">\n                                                                                            <h2>Matthew Phillips, MD<\/h2>\n                                                                                                                                        <p class=\"teamTitle\">Chefe, C\u00e9rebro e Coluna Vertebral<\/p>\n                                                                                                                                    <div class=\"learnMore\">\n                                                <i class=\"sc-icon sc-icon-green rotate-arrow fa-regular fa-arrow-up-right readMoreIcon\"><\/i> Ver Perfil <i class=\"fa-regular fa-arrow-up-right-from-square readMoreIconTarget\"><\/i>                                            <\/div>\n                                        <\/div>\n                                    <\/div>\n                                <\/a>\n                                                <\/div>\n                                    <div class=\"col-6  col-grid\">\n                                                        <a href=\"https:\/\/www.southcoast.org\/doctors\/m-richard-pavao-md\/\" target=\"_blank\" class=\"teamCardLink\">\n                                    <div class=\"teamCard\">\n                                                                                    <div class=\"teamImage\">\n                                                <img decoding=\"async\" src=\"https:\/\/brainandspine.southcoast.org\/wp-content\/uploads\/sites\/6\/2025\/07\/SHPP24Y04M10-Pavao_0505_Final-High-Res-scaled.jpeg\" alt=\"\" \/>\n                                            <\/div>\n                                                                                <div class=\"teamCardBody\">\n                                                                                            <h2>M. Richard Pavao\u00a0<\/h2>\n                                                                                                                                        <p class=\"teamTitle\">Diretor M\u00e9dico, Gest\u00e3o da Dor<\/p>\n                                                                                                                                    <div class=\"learnMore\">\n                                                <i class=\"sc-icon sc-icon-green rotate-arrow fa-regular fa-arrow-up-right readMoreIcon\"><\/i> Ver Perfil <i class=\"fa-regular fa-arrow-up-right-from-square readMoreIconTarget\"><\/i>                                            <\/div>\n                                        <\/div>\n                                    <\/div>\n                                <\/a>\n                                                <\/div>\n                                    <div class=\"col-6  col-grid\">\n                                                        <a href=\"https:\/\/www.southcoast.org\/doctors\/daniel-sacchetti-do\/\" target=\"_blank\" class=\"teamCardLink\">\n                                    <div class=\"teamCard\">\n                                                                                    <div class=\"teamImage\">\n                                                <img decoding=\"async\" src=\"https:\/\/brainandspine.southcoast.org\/wp-content\/uploads\/sites\/6\/2025\/06\/Daniel-Sacchetti-DO-150x200-1-scaled.jpg\" alt=\"\" \/>\n                                            <\/div>\n                                                                                <div class=\"teamCardBody\">\n                                                                                            <h2>Daniel Sacchetti, DO<\/h2>\n                                                                                                                                        <p class=\"teamTitle\">Diretor de Cuidados de AVC<\/p>\n                                                                                                                                    <div class=\"learnMore\">\n                                                <i class=\"sc-icon sc-icon-green rotate-arrow fa-regular fa-arrow-up-right readMoreIcon\"><\/i> Ver Perfil <i class=\"fa-regular fa-arrow-up-right-from-square readMoreIconTarget\"><\/i>                                            <\/div>\n                                        <\/div>\n                                    <\/div>\n                                <\/a>\n                                                <\/div>\n                                        \n                    <\/div>\n    <\/div>\n<\/div>\n<\/div>\n\n\n<div  class=\"blockSettings  paddingTopSM paddingBottomSM doctor-search-block light\" style=\"\"><div class=\"container\">\n    <div class=\"grid\">\n        <div class=\"col-sm-12\">\n                            <p class=\"filters-heading\">Ver m\u00e9dicos por programa\/especialidade:<\/p>\n                        <div id=\"app\">\n                <div id=\"filters\" class=\"filters\"><\/div>\n                <div class=\"results-wrap\">\n                    <div id=\"results\"><\/div>\n                        <div class=\"ctaWrap\">\n                    <a aria-label=\"link para Ver todos os m\u00e9dicos\" class=\"mainCTA shadow light2\" href=\"#\" target=\"_blank\" title=\"Abrir Ver todos os m\u00e9dicos num novo separador ou janela\" rel=\"noopener noreferrer\">Ver todos os m\u00e9dicos<span class=\"fa-regular fa-up-right-from-square\"><\/span><\/a>            <\/div>\n                    <\/div>\n                <div id=\"doctors-list\" class=\"doctors-list\"><\/div>\n                <div id=\"pagination\" class=\"\"><\/div>\n            <\/div>\n        <\/div>\n    <\/div>\n<\/div>\n<\/div>","protected":false},"excerpt":{"rendered":"","protected":false},"author":5,"featured_media":0,"parent":0,"menu_order":0,"comment_status":"closed","ping_status":"closed","template":"","meta":{"_acf_changed":false,"footnotes":""},"class_list":["post-1790","page","type-page","status-publish","hentry"],"acf":[],"yoast_head":"<!-- This site is optimized with the Yoast SEO plugin v26.0 - https:\/\/yoast.com\/wordpress\/plugins\/seo\/ -->\n<title>Meet the Team - Brain and Spine<\/title>\n<meta name=\"robots\" content=\"index, follow, max-snippet:-1, max-image-preview:large, max-video-preview:-1\" \/>\n<link rel=\"canonical\" href=\"https:\/\/brainandspine.southcoast.org\/pt\/team\/\" \/>\n<meta property=\"og:locale\" content=\"pt_PT\" \/>\n<meta property=\"og:type\" content=\"article\" \/>\n<meta property=\"og:title\" content=\"Meet the Team - Brain and Spine\" \/>\n<meta property=\"og:url\" content=\"https:\/\/brainandspine.southcoast.org\/pt\/team\/\" \/>\n<meta property=\"og:site_name\" content=\"Brain and Spine\" \/>\n<meta property=\"article:modified_time\" content=\"2025-09-10T16:06:02+00:00\" \/>\n<meta name=\"twitter:card\" content=\"summary_large_image\" \/>\n<script type=\"application\/ld+json\" class=\"yoast-schema-graph\">{\"@context\":\"https:\/\/schema.org\",\"@graph\":[{\"@type\":\"WebPage\",\"@id\":\"https:\/\/brainandspine.southcoast.org\/team\/\",\"url\":\"https:\/\/brainandspine.southcoast.org\/team\/\",\"name\":\"Meet the Team - Brain and Spine\",\"isPartOf\":{\"@id\":\"https:\/\/brainandspine.southcoast.org\/#website\"},\"datePublished\":\"2025-05-09T19:24:29+00:00\",\"dateModified\":\"2025-09-10T16:06:02+00:00\",\"breadcrumb\":{\"@id\":\"https:\/\/brainandspine.southcoast.org\/team\/#breadcrumb\"},\"inLanguage\":\"pt-PT\",\"potentialAction\":[{\"@type\":\"ReadAction\",\"target\":[\"https:\/\/brainandspine.southcoast.org\/team\/\"]}]},{\"@type\":\"BreadcrumbList\",\"@id\":\"https:\/\/brainandspine.southcoast.org\/team\/#breadcrumb\",\"itemListElement\":[{\"@type\":\"ListItem\",\"position\":1,\"name\":\"\",\"item\":\"https:\/\/brainandspine.southcoast.org\/\"},{\"@type\":\"ListItem\",\"position\":2,\"name\":\"Meet the Team\"}]},{\"@type\":\"WebSite\",\"@id\":\"https:\/\/brainandspine.southcoast.org\/#website\",\"url\":\"https:\/\/brainandspine.southcoast.org\/\",\"name\":\"Brain and Spine\",\"description\":\"\",\"potentialAction\":[{\"@type\":\"SearchAction\",\"target\":{\"@type\":\"EntryPoint\",\"urlTemplate\":\"https:\/\/brainandspine.southcoast.org\/?s={search_term_string}\"},\"query-input\":{\"@type\":\"PropertyValueSpecification\",\"valueRequired\":true,\"valueName\":\"search_term_string\"}}],\"inLanguage\":\"pt-PT\"}]}<\/script>\n<!-- \/ Yoast SEO plugin. -->","yoast_head_json":{"title":"Meet the Team - Brain and Spine","robots":{"index":"index","follow":"follow","max-snippet":"max-snippet:-1","max-image-preview":"max-image-preview:large","max-video-preview":"max-video-preview:-1"},"canonical":"https:\/\/brainandspine.southcoast.org\/pt\/team\/","og_locale":"pt_PT","og_type":"article","og_title":"Meet the Team - Brain and Spine","og_url":"https:\/\/brainandspine.southcoast.org\/pt\/team\/","og_site_name":"Brain and Spine","article_modified_time":"2025-09-10T16:06:02+00:00","twitter_card":"summary_large_image","schema":{"@context":"https:\/\/schema.org","@graph":[{"@type":"WebPage","@id":"https:\/\/brainandspine.southcoast.org\/team\/","url":"https:\/\/brainandspine.southcoast.org\/team\/","name":"Meet the Team - Brain and Spine","isPartOf":{"@id":"https:\/\/brainandspine.southcoast.org\/#website"},"datePublished":"2025-05-09T19:24:29+00:00","dateModified":"2025-09-10T16:06:02+00:00","breadcrumb":{"@id":"https:\/\/brainandspine.southcoast.org\/team\/#breadcrumb"},"inLanguage":"pt-PT","potentialAction":[{"@type":"ReadAction","target":["https:\/\/brainandspine.southcoast.org\/team\/"]}]},{"@type":"BreadcrumbList","@id":"https:\/\/brainandspine.southcoast.org\/team\/#breadcrumb","itemListElement":[{"@type":"ListItem","position":1,"name":"","item":"https:\/\/brainandspine.southcoast.org\/"},{"@type":"ListItem","position":2,"name":"Meet the Team"}]},{"@type":"WebSite","@id":"https:\/\/brainandspine.southcoast.org\/#website","url":"https:\/\/brainandspine.southcoast.org\/","name":"C\u00e9rebro e coluna vertebral","description":"","potentialAction":[{"@type":"SearchAction","target":{"@type":"EntryPoint","urlTemplate":"https:\/\/brainandspine.southcoast.org\/?s={search_term_string}"},"query-input":{"@type":"PropertyValueSpecification","valueRequired":true,"valueName":"search_term_string"}}],"inLanguage":"pt-PT"}]}},"_links":{"self":[{"href":"https:\/\/brainandspine.southcoast.org\/pt\/wp-json\/wp\/v2\/pages\/1790","targetHints":{"allow":["GET"]}}],"collection":[{"href":"https:\/\/brainandspine.southcoast.org\/pt\/wp-json\/wp\/v2\/pages"}],"about":[{"href":"https:\/\/brainandspine.southcoast.org\/pt\/wp-json\/wp\/v2\/types\/page"}],"author":[{"embeddable":true,"href":"https:\/\/brainandspine.southcoast.org\/pt\/wp-json\/wp\/v2\/users\/5"}],"replies":[{"embeddable":true,"href":"https:\/\/brainandspine.southcoast.org\/pt\/wp-json\/wp\/v2\/comments?post=1790"}],"version-history":[{"count":16,"href":"https:\/\/brainandspine.southcoast.org\/pt\/wp-json\/wp\/v2\/pages\/1790\/revisions"}],"predecessor-version":[{"id":2568,"href":"https:\/\/brainandspine.southcoast.org\/pt\/wp-json\/wp\/v2\/pages\/1790\/revisions\/2568"}],"wp:attachment":[{"href":"https:\/\/brainandspine.southcoast.org\/pt\/wp-json\/wp\/v2\/media?parent=1790"}],"curies":[{"name":"wp","href":"https:\/\/api.w.org\/{rel}","templated":true}]}}