{"id":2428,"date":"2025-08-14T21:43:38","date_gmt":"2025-08-14T21:43:38","guid":{"rendered":"https:\/\/brainandspine.test-southcoast-health-multi.southcoast-health.org\/?page_id=2428"},"modified":"2025-09-02T18:27:16","modified_gmt":"2025-09-02T18:27:16","slug":"stereotactic-radiosurgery","status":"publish","type":"page","link":"https:\/\/brainandspine.southcoast.org\/es\/neurosurgery\/stereotactic-radiosurgery\/","title":{"rendered":"Radiocirug\u00eda estereot\u00e1ctica"},"content":{"rendered":"<div  class=\"blockSettings  paddingTopSM paddingBottomSM heroBasicFluid darkTheme\" style=\"background: linear-gradient(110deg, #0A4A3D 2.57%, rgba(5, 116, 99, 0.99) 59.47%, #009984 99.08%);\"><div class=\"container\">\n            <div class=\"grid\">\n            <div class=\"col-sm-12 col-bleed-y\">\n                <div class=\"Center\">\n                    <div class=\"breadcrumbsWrapper desktop-breadcrumbs\"><nav id=\"breadcrumbs\" aria-label=\"Migas de pan\"><ol><li><a href=\"https:\/\/brainandspine.southcoast.org\/es\/\"><i class=\"fa-regular fa-house\"><\/i><span class=\"visually-hidden\">Inicio<\/span><\/a><\/li><\/ol><\/nav><\/div><div class=\"breadcrumbsWrapper mobile-breadcrumbs\"><p id=\"mobile-breadcrumbs\"><span><span><a href=\"https:\/\/brainandspine.southcoast.org\/es\"><i class=\"far fa-home\"><\/i><\/a><\/span> <i class=\"fa-solid fa-chevron-right separator\"><\/i> <span><a href=\"https:\/\/brainandspine.southcoast.org\/es\/neurosurgery\/\">Neurocirug\u00eda<\/a><\/span><\/span><\/p><\/div>                <\/div>\n            <\/div>\n        <\/div>\n        <div class=\"grid align-center\">\n        <div class=\"col-sm-10\">\n            <div class=\"Center\">\n\n                    <div class=\"mainCopyWrap\">\n            <h1>Radiocirug\u00eda estereot\u00e1ctica<\/h1>\n        <\/div>\n    \n                \n            <\/div>\n        <\/div>\n    <\/div>\n<\/div>\n    <div class=\"cornerArtWrapper cornerArt-small\">\n        <img decoding=\"async\" class=\"cornerArt\" src=\"https:\/\/brainandspine.southcoast.org\/wp-content\/themes\/southcoast_multisite\/images\/corner-art.svg\" alt=\"\">\n    <\/div>\n<\/div>\n\n\n\n\n<div  class=\"blockSettings  paddingTopSM paddingBottomSM copyFullFluid light\" style=\"\">\t<div class=\"container\">\n\t\t<div class=\"grid\">\n            \t\t\t<div class=\"copyFullWrap bg-white\">\n\t\t\t\t<div class=\"col-sm-12\">\n                    <div class=\"maincopy\">\n                        <h2>Radiocirug\u00eda estereot\u00e1ctica disponible en Southcoast Health<\/h2>\n<p>Si le han diagnosticado un tumor cerebral, el <a href=\"https:\/\/www.southcoast.org\/doctors\/?specialties=neurosurgery&amp;search\">neurocirujanos<\/a> y <a href=\"https:\/\/www.southcoast.org\/doctors\/?specialties=radiation-oncology&amp;sort=alpha&amp;search\">onc\u00f3logos radioterapeutas<\/a> en Southcoast Health entienden que usted quiere encontrar el tratamiento m\u00e1s eficaz y menos invasivo. Por eso ofrecemos radiocirug\u00eda estereot\u00e1ctica (SRS) en el sureste de Massachusetts y Rhode Island como tratamiento para los tumores cerebrales.<\/p>\n<p>Gracias a la tecnolog\u00eda de colimadores mutli-hoja, nuestros neurocirujanos tienen la ventaja de proporcionar un tratamiento altamente selectivo a tumores de cualquier forma.<\/p>\n<p>La radiocirug\u00eda estereot\u00e1ctica es una de las formas m\u00e1s precisas de radioterapia utilizada para tratar de forma no quir\u00fargica tumores cerebrales y otras enfermedades. Esta precisi\u00f3n permite a nuestros neur\u00f3logos preservar el tejido sano a trav\u00e9s de la radiaci\u00f3n dirigida con la ayuda de la tecnolog\u00eda de imagen 3-D.<\/p>\n<p>En Southcoast Brain &amp; Spine Center, utilizamos esta radioterapia para tratar tumores cerebrales benignos y malignos, como:<\/p>\n<ul>\n<li>Meningioma<\/li>\n<li>Astrocitoma anapl\u00e1sico<\/li>\n<li>Craneofaringioma<\/li>\n<li>Glioma<\/li>\n<li>Glioblastoma<\/li>\n<li>Hemangioblastoma<\/li>\n<li>Dolor facial<\/li>\n<li>Malformaciones vasculares<\/li>\n<\/ul>\n<h2>Tratamiento avanzado para tumores cerebrales en MA y RI<\/h2>\n<p>La radiaci\u00f3n estereot\u00e1ctica ofrece im\u00e1genes tridimensionales para enfocar el haz. La radiaci\u00f3n da\u00f1a las c\u00e9lulas diana de ADN, lo que les quita la capacidad de reproducirse. Esto hace que el tumor se reduzca y evita que se extienda a otras partes del cuerpo. Cuando se utiliza en el cerebro o la columna vertebral, la radiocirug\u00eda estereot\u00e1ctica se completa en una sola sesi\u00f3n y no requiere incisiones.<\/p>\n<p><a href=\"https:\/\/www.southcoast.org\/doctors\/?specialties=neurosurgery&amp;search=\">Buscar un neurocirujano<\/a> en Southcoast Brain &amp; Spine Center para obtener m\u00e1s informaci\u00f3n sobre Gamma Knife, acelerador lineal, haz de protones y otros tipos de radiocirug\u00eda estereot\u00e1ctica. Trabajaremos con usted para encontrar la mejor opci\u00f3n de tratamiento para sus necesidades de salud.<\/p>\n<p><em>Southcoast Health ofrece tratamiento de tumores cerebrales mediante radiocirug\u00eda estereot\u00e1ctica en Fall River, Dartmouth, New Bedford, Wareham, MA y partes de Rhode Island a trav\u00e9s de <a href=\"https:\/\/www.southcoast.org\/services\/brain-and-spine-treatment\/\">Southcoast Brain &amp; Spine Center<\/a>, <a href=\"https:\/\/www.southcoast.org\/locations\/hospitals\/charlton-memorial-hospital\/\">Hospital Charlton Memorial<\/a>, <a href=\"https:\/\/www.southcoast.org\/locations\/hospitals\/st-lukes-hospital\/\">Hospital St. Luke<\/a> y <a href=\"https:\/\/www.southcoast.org\/locations\/hospitals\/tobey-hospital\/\">Hospital de Tobey<\/a>.<\/em><\/p>\n                    <\/div>\n\n                    \n                    <div class=\"ctaWrap ctaCenter\">\n                                                                                                        \n                                                                                                                            <\/div>\n\n\t\t\t\t<\/div>\n\t\t\t<\/div>\n            \n\n            \n\n            \t\t<\/div>\n\t<\/div>\n<\/div>","protected":false},"excerpt":{"rendered":"","protected":false},"author":11,"featured_media":0,"parent":2070,"menu_order":0,"comment_status":"closed","ping_status":"closed","template":"","meta":{"_acf_changed":false,"footnotes":""},"class_list":["post-2428","page","type-page","status-publish","hentry"],"acf":[],"yoast_head":"<!-- This site is optimized with the Yoast SEO plugin v26.0 - https:\/\/yoast.com\/wordpress\/plugins\/seo\/ -->\n<title>Stereotactic Radiosurgery - Brain and Spine<\/title>\n<meta name=\"description\" content=\"Southcoast Health stereotactic radiation offers three-dimensional imaging to focus the beam.\" \/>\n<meta name=\"robots\" content=\"index, follow, max-snippet:-1, max-image-preview:large, max-video-preview:-1\" \/>\n<link rel=\"canonical\" href=\"https:\/\/brainandspine.southcoast.org\/es\/neurosurgery\/stereotactic-radiosurgery\/\" \/>\n<meta property=\"og:locale\" content=\"es_MX\" \/>\n<meta property=\"og:type\" content=\"article\" \/>\n<meta property=\"og:title\" content=\"Stereotactic Radiosurgery - Brain and Spine\" \/>\n<meta property=\"og:description\" content=\"Southcoast Health stereotactic radiation offers three-dimensional imaging to focus the beam.\" \/>\n<meta property=\"og:url\" content=\"https:\/\/brainandspine.southcoast.org\/es\/neurosurgery\/stereotactic-radiosurgery\/\" \/>\n<meta property=\"og:site_name\" content=\"Brain and Spine\" \/>\n<meta property=\"article:modified_time\" content=\"2025-09-02T18:27:16+00:00\" \/>\n<meta name=\"twitter:card\" content=\"summary_large_image\" \/>\n<script type=\"application\/ld+json\" class=\"yoast-schema-graph\">{\"@context\":\"https:\/\/schema.org\",\"@graph\":[{\"@type\":\"WebPage\",\"@id\":\"https:\/\/brainandspine.southcoast.org\/neurosurgery\/stereotactic-radiosurgery\/\",\"url\":\"https:\/\/brainandspine.southcoast.org\/neurosurgery\/stereotactic-radiosurgery\/\",\"name\":\"Stereotactic Radiosurgery - Brain and Spine\",\"isPartOf\":{\"@id\":\"https:\/\/brainandspine.southcoast.org\/#website\"},\"datePublished\":\"2025-08-14T21:43:38+00:00\",\"dateModified\":\"2025-09-02T18:27:16+00:00\",\"description\":\"Southcoast Health stereotactic radiation offers three-dimensional imaging to focus the beam.\",\"breadcrumb\":{\"@id\":\"https:\/\/brainandspine.southcoast.org\/neurosurgery\/stereotactic-radiosurgery\/#breadcrumb\"},\"inLanguage\":\"es-MX\",\"potentialAction\":[{\"@type\":\"ReadAction\",\"target\":[\"https:\/\/brainandspine.southcoast.org\/neurosurgery\/stereotactic-radiosurgery\/\"]}]},{\"@type\":\"BreadcrumbList\",\"@id\":\"https:\/\/brainandspine.southcoast.org\/neurosurgery\/stereotactic-radiosurgery\/#breadcrumb\",\"itemListElement\":[{\"@type\":\"ListItem\",\"position\":1,\"name\":\"\",\"item\":\"https:\/\/brainandspine.southcoast.org\/\"},{\"@type\":\"ListItem\",\"position\":2,\"name\":\"Neurosurgery\",\"item\":\"https:\/\/brainandspine.southcoast.org\/neurosurgery\/\"},{\"@type\":\"ListItem\",\"position\":3,\"name\":\"Stereotactic Radiosurgery\"}]},{\"@type\":\"WebSite\",\"@id\":\"https:\/\/brainandspine.southcoast.org\/#website\",\"url\":\"https:\/\/brainandspine.southcoast.org\/\",\"name\":\"Brain and Spine\",\"description\":\"\",\"potentialAction\":[{\"@type\":\"SearchAction\",\"target\":{\"@type\":\"EntryPoint\",\"urlTemplate\":\"https:\/\/brainandspine.southcoast.org\/?s={search_term_string}\"},\"query-input\":{\"@type\":\"PropertyValueSpecification\",\"valueRequired\":true,\"valueName\":\"search_term_string\"}}],\"inLanguage\":\"es-MX\"}]}<\/script>\n<!-- \/ Yoast SEO plugin. -->","yoast_head_json":{"title":"Stereotactic Radiosurgery - Brain and Spine","description":"Southcoast Health stereotactic radiation offers three-dimensional imaging to focus the beam.","robots":{"index":"index","follow":"follow","max-snippet":"max-snippet:-1","max-image-preview":"max-image-preview:large","max-video-preview":"max-video-preview:-1"},"canonical":"https:\/\/brainandspine.southcoast.org\/es\/neurosurgery\/stereotactic-radiosurgery\/","og_locale":"es_MX","og_type":"article","og_title":"Stereotactic Radiosurgery - Brain and Spine","og_description":"Southcoast Health stereotactic radiation offers three-dimensional imaging to focus the beam.","og_url":"https:\/\/brainandspine.southcoast.org\/es\/neurosurgery\/stereotactic-radiosurgery\/","og_site_name":"Brain and Spine","article_modified_time":"2025-09-02T18:27:16+00:00","twitter_card":"summary_large_image","schema":{"@context":"https:\/\/schema.org","@graph":[{"@type":"WebPage","@id":"https:\/\/brainandspine.southcoast.org\/neurosurgery\/stereotactic-radiosurgery\/","url":"https:\/\/brainandspine.southcoast.org\/neurosurgery\/stereotactic-radiosurgery\/","name":"Stereotactic Radiosurgery - Brain and Spine","isPartOf":{"@id":"https:\/\/brainandspine.southcoast.org\/#website"},"datePublished":"2025-08-14T21:43:38+00:00","dateModified":"2025-09-02T18:27:16+00:00","description":"Southcoast Health stereotactic radiation offers three-dimensional imaging to focus the beam.","breadcrumb":{"@id":"https:\/\/brainandspine.southcoast.org\/neurosurgery\/stereotactic-radiosurgery\/#breadcrumb"},"inLanguage":"es-MX","potentialAction":[{"@type":"ReadAction","target":["https:\/\/brainandspine.southcoast.org\/neurosurgery\/stereotactic-radiosurgery\/"]}]},{"@type":"BreadcrumbList","@id":"https:\/\/brainandspine.southcoast.org\/neurosurgery\/stereotactic-radiosurgery\/#breadcrumb","itemListElement":[{"@type":"ListItem","position":1,"name":"","item":"https:\/\/brainandspine.southcoast.org\/"},{"@type":"ListItem","position":2,"name":"Neurosurgery","item":"https:\/\/brainandspine.southcoast.org\/neurosurgery\/"},{"@type":"ListItem","position":3,"name":"Stereotactic Radiosurgery"}]},{"@type":"WebSite","@id":"https:\/\/brainandspine.southcoast.org\/#website","url":"https:\/\/brainandspine.southcoast.org\/","name":"Cerebro y columna vertebral","description":"","potentialAction":[{"@type":"SearchAction","target":{"@type":"EntryPoint","urlTemplate":"https:\/\/brainandspine.southcoast.org\/?s={search_term_string}"},"query-input":{"@type":"PropertyValueSpecification","valueRequired":true,"valueName":"search_term_string"}}],"inLanguage":"es-MX"}]}},"_links":{"self":[{"href":"https:\/\/brainandspine.southcoast.org\/es\/wp-json\/wp\/v2\/pages\/2428","targetHints":{"allow":["GET"]}}],"collection":[{"href":"https:\/\/brainandspine.southcoast.org\/es\/wp-json\/wp\/v2\/pages"}],"about":[{"href":"https:\/\/brainandspine.southcoast.org\/es\/wp-json\/wp\/v2\/types\/page"}],"author":[{"embeddable":true,"href":"https:\/\/brainandspine.southcoast.org\/es\/wp-json\/wp\/v2\/users\/11"}],"replies":[{"embeddable":true,"href":"https:\/\/brainandspine.southcoast.org\/es\/wp-json\/wp\/v2\/comments?post=2428"}],"version-history":[{"count":4,"href":"https:\/\/brainandspine.southcoast.org\/es\/wp-json\/wp\/v2\/pages\/2428\/revisions"}],"predecessor-version":[{"id":2432,"href":"https:\/\/brainandspine.southcoast.org\/es\/wp-json\/wp\/v2\/pages\/2428\/revisions\/2432"}],"up":[{"embeddable":true,"href":"https:\/\/brainandspine.southcoast.org\/es\/wp-json\/wp\/v2\/pages\/2070"}],"wp:attachment":[{"href":"https:\/\/brainandspine.southcoast.org\/es\/wp-json\/wp\/v2\/media?parent=2428"}],"curies":[{"name":"wp","href":"https:\/\/api.w.org\/{rel}","templated":true}]}}