{"id":2101,"date":"2025-06-18T18:19:01","date_gmt":"2025-06-18T18:19:01","guid":{"rendered":"https:\/\/brainandspine.test-southcoast-health-multi.southcoast-health.org\/?page_id=2101"},"modified":"2025-10-01T20:18:53","modified_gmt":"2025-10-01T20:18:53","slug":"stroke-care","status":"publish","type":"page","link":"https:\/\/brainandspine.southcoast.org\/es\/stroke-care\/","title":{"rendered":"Cuidados del ictus"},"content":{"rendered":"<div  class=\"blockSettings    hero-main-block show-breadcrumbs\" style=\"\"><div class=\"background\"><\/div>\n<div class=\"container\">\n\n    <div class=\"breadcrumbsWrapper desktop-breadcrumbs\"><nav id=\"breadcrumbs\" aria-label=\"Migas de pan\"><ol><li><a href=\"https:\/\/brainandspine.southcoast.org\/es\/\"><i class=\"fa-regular fa-house\"><\/i><span class=\"visually-hidden\">Inicio<\/span><\/a><\/li><\/ol><\/nav><\/div><div class=\"breadcrumbsWrapper mobile-breadcrumbs\"><p id=\"mobile-breadcrumbs\" class=\"mobile-back-nav\"><span><span><a href=\"#\" onclick=\"return handleBackNavigation();\"><i class=\"fa-solid fa-chevron-left back-arrow\"><\/i> Volver<\/a><\/span><\/span><\/p>\t\t<script>\n\t\t\tfunction handleBackNavigation() {\n\t\t\t\tif (window.history.length > 1) {\n\t\t\t\t\twindow.history.back();\n\t\t\t\t} else {\n\t\t\t\t\twindow.location.href = 'https:\/\/brainandspine.southcoast.org\/es';\n\t\t\t\t}\n\t\t\t\treturn false;\n\t\t\t}\n\t\t<\/script>\n<\/div>    <div class=\"grid\">\n        <div class=\"col-bleed-y\">\n            <div class=\"inner-wrap\">\n                <div class=\"content-col\">\n                                            <h1>Cuidados del ictus\u00a0<\/h1>\n                                        <div class=\"copy-wrap\">\n                                                    <p>Cuando se produce un ictus, cada segundo cuenta. Nuestro galardonado equipo de atenci\u00f3n al ictus est\u00e1 capacitado para responder r\u00e1pidamente con una atenci\u00f3n experta dise\u00f1ada para minimizar los da\u00f1os, maximizar la recuperaci\u00f3n y ayudarle a volver a la vida que ama.<\/p>\n                                            <\/div>\n                                            <div class=\"cta-wrap\">\n                                                            <a aria-label=\"enlace para concertar una cita\" class=\"mainCTA shadow dark1\" href=\"https:\/\/www.southcoast.org\/find-a-provider\/?query=Neurology\" target=\"_blank\" title=\"Abre Reservar una cita en una nueva pesta\u00f1a o ventana\" rel=\"noopener noreferrer\">Concierte una cita<span class=\"fa-regular fa-up-right-from-square\"><\/span><\/a>                                                                                <\/div>\n                                    <\/div>\n                <div class=\"media-col\">\n                                            <img\n                            class=\"main-img\"\n                            src=\"https:\/\/brainandspine.southcoast.org\/wp-content\/uploads\/sites\/6\/2025\/06\/891527b9223e828a1cfdd701ae94ea881bdbd2c4-scaled.jpg\"\n                                                        srcset=\"https:\/\/brainandspine.southcoast.org\/wp-content\/uploads\/sites\/6\/2025\/06\/891527b9223e828a1cfdd701ae94ea881bdbd2c4-scaled.jpg 2560w, https:\/\/brainandspine.southcoast.org\/wp-content\/uploads\/sites\/6\/2025\/06\/891527b9223e828a1cfdd701ae94ea881bdbd2c4-300x200.jpg 300w, https:\/\/brainandspine.southcoast.org\/wp-content\/uploads\/sites\/6\/2025\/06\/891527b9223e828a1cfdd701ae94ea881bdbd2c4-1024x683.jpg 1024w, https:\/\/brainandspine.southcoast.org\/wp-content\/uploads\/sites\/6\/2025\/06\/891527b9223e828a1cfdd701ae94ea881bdbd2c4-768x512.jpg 768w, https:\/\/brainandspine.southcoast.org\/wp-content\/uploads\/sites\/6\/2025\/06\/891527b9223e828a1cfdd701ae94ea881bdbd2c4-1536x1024.jpg 1536w, https:\/\/brainandspine.southcoast.org\/wp-content\/uploads\/sites\/6\/2025\/06\/891527b9223e828a1cfdd701ae94ea881bdbd2c4-2048x1366.jpg 2048w\"\n                            sizes=\"(max-width: 768px) 100vw, (max-width: 1200px) 50vw, 800px\"\n                                                        alt=\"\"\n                            loading=\"eager\"\n                            decoding=\"async\"\n                            fetchpriority=\"high\">\n                                                            <img decoding=\"async\" class=\"corner-art\" src=\"https:\/\/brainandspine.southcoast.org\/wp-content\/themes\/southcoast_multisite\/images\/corner-art.svg\">\n                <\/div>\n            <\/div>\n        <\/div>\n    <\/div>\n<\/div>\n\n<script>\n    document.querySelectorAll('.play-button').forEach(button => {\n        button.addEventListener('click', function() {\n            const modal = this.nextElementSibling;\n            modal.style.display = 'block';\n            document.body.style.overflow = 'hidden';\n        });\n    });\n\n    document.querySelectorAll('.close-modal, .modal-overlay').forEach(element => {\n        element.addEventListener('click', function() {\n            const modal = this.closest('.video-modal');\n            modal.style.display = 'none';\n            document.body.style.overflow = '';\n        });\n    });\n<\/script>\n<\/div>\n\n\n\n\n<div  class=\"blockSettings  paddingTopSM paddingBottomMD bannerFluid light\" style=\"\"><div class=\"container\">\n    <div class=\"grid\">\n        <div class=\"col-sm-12\">\n            <div class=\"inner\">\n                                    <img decoding=\"async\" class=\"pulse\" src=\"https:\/\/brainandspine.southcoast.org\/wp-content\/themes\/southcoast_multisite\/images\/pulse.svg\" alt=\"\">\n                                <div class=\"copy\">\n                        <div class=\"mainCopyWrap\">\n            <h3>Los tres hospitales de Southcoast Health est\u00e1n certificados como Centros Primarios de Accidentes Cerebrovasculares por The Joint Commision. <\/h3>\n        <\/div>\n                    <\/div>\n                <div class=\"media\">\n                    \n                        <img decoding=\"async\" class=\"doctor\" src=\"https:\/\/brainandspine.southcoast.org\/wp-content\/uploads\/sites\/6\/2025\/07\/The-Joint-commission-seal.png\" alt=\"\">\n                        <img decoding=\"async\" class=\"graphical\" src=\"https:\/\/brainandspine.southcoast.org\/wp-content\/themes\/southcoast_multisite\/images\/corner-art.svg\" alt=\"\">\n\n\n                                    <\/div>\n            <\/div>\n        <\/div>\n    <\/div>\n<\/div>\n<\/div>\n\n\n<div  class=\"blockSettings  paddingTopMD paddingBottomMD multiple-media-object-block light\" style=\"\"><div class=\"container\">\n    <div class=\"grid\">\n        <div class=\"col-sm-12\">\n            <div class=\"inner left disc\">\n                <div class=\"copy\">\n                        <div class=\"mainCopyWrap\">\n            <h2>Cuidados del ictus en Southcoast Health\u00a0<\/h2>\n    <div class=\"paragraphWrap\"><p>Desde los primeros s\u00edntomas del ictus hasta la rehabilitaci\u00f3n a largo plazo, <strong>estamos a tu lado en todo momento<\/strong>. Reunimos a un equipo de especialistas, entre los que se incluyen neur\u00f3logos, neurocirujanos, radi\u00f3logos y enfermeras diplomadas en ictus, que est\u00e1n preparados 24 horas al d\u00eda, 7 d\u00edas a la semana, para ofrecerle un tratamiento avanzado para sus necesidades espec\u00edficas.<\/p>\n<p>Nuestro programa de accidentes cerebrovasculares est\u00e1 certificado por la <a href=\"https:\/\/www.stroke.org\/\" target=\"_blank\" rel=\"noopener\">Asociaci\u00f3n Americana del Coraz\u00f3n\/Asociaci\u00f3n Americana del Ictus<\/a> y trata una amplia gama de afecciones relacionadas con el ictus, entre ellas:<\/p>\n<ul>\n<li><strong>Ictus isqu\u00e9mico y hemorr\u00e1gico<\/strong> - causada por la obstrucci\u00f3n o rotura de vasos sangu\u00edneos en el cerebro<\/li>\n<li><strong>AIT (accidente isqu\u00e9mico transitorio)<\/strong> - a veces llamado \"mini-accidente cerebrovascular\"<\/li>\n<li><strong>Aneurisma<\/strong> - un vaso sangu\u00edneo abultado y debilitado que puede romperse<\/li>\n<li><strong>MAV (malformaci\u00f3n arteriovenosa)<\/strong> - una mara\u00f1a anormal de vasos sangu\u00edneos<\/li>\n<li><strong>Hemorragia subaracnoidea<\/strong> - hemorragia entre el cerebro y su cubierta<\/li>\n<\/ul>\n<p>Tambi\u00e9n ofrecemos medicamentos anticoagulantes, procedimientos con cat\u00e9ter, educaci\u00f3n sobre el ictus y servicios de rehabilitaci\u00f3n personalizados como fisioterapia, terapia ocupacional y logopedia.<\/p>\n<\/div>    <\/div>\n    \n                <\/div>\n                <div class=\"images\">\n                                            <img decoding=\"async\" class=\"first\" src=\"https:\/\/brainandspine.southcoast.org\/wp-content\/uploads\/sites\/6\/2025\/08\/TOH_Stroke-Awards-2025.jpg\" alt=\"\">\n                                                                <img decoding=\"async\" class=\"second\" src=\"https:\/\/brainandspine.southcoast.org\/wp-content\/uploads\/sites\/6\/2025\/08\/SLH_Stroke-Awards-2025_2.jpg\" alt=\"\">\n                                                                <img decoding=\"async\" class=\"third\" src=\"https:\/\/brainandspine.southcoast.org\/wp-content\/uploads\/sites\/6\/2025\/07\/Hands-Holding-Brain-Stroke-Care.jpg\" alt=\"\">\n                                    <\/div>\n\n            <\/div>\n        <\/div>\n    <\/div>\n<\/div>\n<\/div>\n\n\n<div  class=\"blockSettings  paddingTopMD paddingBottomMD media-object-block light\" style=\"background-color:#E9F7F4;\"><div class=\"container\">\n\t<div class=\"grid\">\n\t\t<div class=\"col-sm-12\">\n\t\t\t<div class=\"inner image-right list-style-disc inner-bg\" style=\"background-color: #E9F7F4;\">\n\t\t\t\t<div class=\"copy\">\n\t\t\t\t\t    <div class=\"mainCopyWrap\">\n            <h2>S\u00edntomas del ictus s\u00fabito\u00a0<\/h2>\n    <div class=\"paragraphWrap\"><p>Los s\u00edntomas del ictus aparecen r\u00e1pidamente. Saber qu\u00e9 buscar - <strong>y actuar con rapidez<\/strong> - puede salvar una vida. Llame inmediatamente al 911 si observa alguno de los siguientes s\u00edntomas:<\/p>\n<ul>\n<li><strong>Entumecimiento o debilidad repentinos en la cara, el brazo o la pierna (especialmente en un lado).<\/strong><\/li>\n<li><strong>Ca\u00edda repentina de un lado de la cara.<\/strong><\/li>\n<li><strong>Confusi\u00f3n repentina o problemas para hablar o entender<\/strong><\/li>\n<li><strong>Dificultad repentina para ver con uno o ambos ojos<\/strong><\/li>\n<li><strong>Dificultad repentina para caminar, mareos o p\u00e9rdida del equilibrio.<\/strong><\/li>\n<li><strong>Dolor de cabeza intenso y repentino sin causa conocida<\/strong><\/li>\n<\/ul>\n<p>Cuando aparezcan los s\u00edntomas del ictus, no espere. Estamos preparados para prestar la atenci\u00f3n inmediata que usted o su ser querido necesitan.<\/p>\n<\/div>    <\/div>\n    \t\t\t\t<\/div>\n\t\t\t\t\t\t\t\t<div class=\"images\">\n\t\t\t\t\t\t<img decoding=\"async\" class=\"single\" src=\"https:\/\/brainandspine.southcoast.org\/wp-content\/uploads\/sites\/6\/2025\/06\/e8a150c6c49399edaa70b6afd16b78ccf757fa6f-scaled.jpg\" alt=\"\">\n\t\t\t\t\t\t\t\t\t\t\t\t\t    <div class=\"cornerArtWrapper cornerArt-small\">\n        <img decoding=\"async\" class=\"cornerArt\" src=\"https:\/\/brainandspine.southcoast.org\/wp-content\/themes\/southcoast_multisite\/images\/corner-art.svg\" alt=\"\">\n    <\/div>\n\t\t\t\t\t\t\t\t\t\t<\/div>\n\t\t\t\t\n\t\t\t<\/div>\n\t\t<\/div>\n\t<\/div>\n<\/div>\n<\/div>\n\n\n<div  class=\"blockSettings  paddingTopSM paddingBottomMD cardMultiFluid light\" style=\"\">    <div class=\"container\">\n        <div class=\"grid\">\n            <div class=\"col-sm-12\">\n                <div class=\"introCenter\">\n                    <div class=\"maincopy intro\">\n                        <h2>Reconocida a nivel nacional por su atenci\u00f3n a los pacientes con ictus<\/h2>\n                                            <\/div>\n                                                                                                                                                                                                <\/div>\n            <\/div>\n        <\/div>\n\n\n        <!--Manual Cards-->\n        <div class=\"grid\">\n                                                <div class=\"col-sm-6 col-md-6 col-grid\">\n                        <div class=\"cardBasic border\">\n                            <div class=\"cardImage\" style=\"background-image:url('https:\/\/brainandspine.southcoast.org\/wp-content\/uploads\/sites\/6\/2025\/07\/American-Heart-Association-2024-Stroke-Award.png');\"><\/div>\n                            <div class=\"cardBasicBody\">\n                                <h2>Los tres hospitales de Southcoast Health reciben un reconocimiento nacional por su compromiso en la prestaci\u00f3n de una atenci\u00f3n de alta calidad para el ictus<\/h2>\n                                                                    <div class=\"excerpt\">\n                                        <p>En 2024, tanto el Charlton Memorial Hospital como el St. Luke's Hospital recibieron el premio Get With The Guidelines\u00ae - Stroke Gold Plus with Target de la American Heart Association: Stroke Elite Honor Roll y Target: Type 2 Diabetes Honor Roll. El Hospital Tobey recibi\u00f3 los premios Get With The Guidelines - Stroke Gold Plus with Target: Stroke Honor Roll y Target: Diabetes tipo 2.<\/p>\n                                    <\/div>\n                                \n                                                                    \n                                                                                    <a class=\"cardLink icon-right\" href=\"https:\/\/www.southcoast.org\/high-quality-stroke-care\/\" target=\"_self\">\n                                                                                                    <span class=\"cardIcon fa-classic fa-light fa-arrow-up-right\"><\/span>\n                                                                                                <span class=\"cardLinkText\">Seguir leyendo<\/span>\n                                            <\/a>\n                                        \n\n                                                                    \n                            <\/div>\n                        <\/div>\n                    <\/div>\n                                    <div class=\"col-sm-6 col-md-6 col-grid\">\n                        <div class=\"cardBasic border\">\n                            <div class=\"cardImage\" style=\"background-image:url('https:\/\/brainandspine.southcoast.org\/wp-content\/uploads\/sites\/6\/2025\/07\/Stroke-Awards-2025.png');\"><\/div>\n                            <div class=\"cardBasicBody\">\n                                <h2>Los tres hospitales de Southcoast Health han obtenido el sello Gold Seal of Approval\u00ae de The Joint Commission y la marca Heart-Check de la American Stroke Association para la certificaci\u00f3n de Centro Primario Avanzado de Accidentes Cerebrovasculares.<\/h2>\n                                                                    <div class=\"excerpt\">\n                                        <p>Para obtener esta prestigiosa certificaci\u00f3n de dos a\u00f1os, Southcoast Health se someti\u00f3 a una rigurosa revisi\u00f3n in situ sin previo aviso a finales de 2024. Durante la visita, un equipo de revisores de Joint Commission evalu\u00f3 el cumplimiento de los est\u00e1ndares de certificaci\u00f3n relacionados, incluida la gesti\u00f3n de programas y la prestaci\u00f3n y facilitaci\u00f3n de atenci\u00f3n cl\u00ednica.<\/p>\n                                    <\/div>\n                                \n                                                                    \n                                                                                    <a class=\"cardLink icon-right\" href=\"https:\/\/www.southcoast.org\/stroke-certification-joint-commission\/\" target=\"_blank\">\n                                                                                                    <span class=\"cardIcon fa-classic fa-light fa-arrow-up-right\"><\/span>\n                                                                                                <span class=\"cardLinkText\">Seguir leyendo<\/span>\n                                            <\/a>\n                                        \n\n                                                                    \n                            <\/div>\n                        <\/div>\n                    <\/div>\n                                    <\/div>\n    <\/div>\n<\/div>\n\n\n<div id=\"\" class=\"bannerFluidTwo paddingTopSM paddingBottomMD\">\n    \n        <div class=\"grid\">\n            <div class=\"col-sm-12 col-bleed\">\n                <div class=\"banner-content-wrap  darkTheme\" style=\"background-image:url(https:\/\/brainandspine.southcoast.org\/wp-content\/uploads\/sites\/6\/2025\/07\/American-Heart-Association-2024-Stroke-Award.png);background-size:cover;background-position:center center; \">\n                    \n                                            <div class=\"overlay\" style=\"\"><\/div>\n                    \n                    <div class=\"banner-content container\">\n                            <div class=\"mainCopyWrap\">\n            <h2>Empiece hoy mismo<\/h2>\n    <div class=\"paragraphWrap\"><p>La atenci\u00f3n adecuada, en el momento adecuado, puede marcar la diferencia. D\u00e9 el primer paso hacia la prevenci\u00f3n, el tratamiento o la recuperaci\u00f3n del ictus con Southcoast Health.<\/p><\/div>    <\/div>\n                                <div class=\"ctaWrap\">\n                    <a aria-label=\"enlace para encontrar un centro de atenci\u00f3n cerca de usted\" class=\"mainCTA shadow dark1\" href=\"https:\/\/www.southcoast.org\/locations\/?service=Neurology\" target=\"_blank\" title=\"Abre Buscar un centro asistencial cercano en una nueva pesta\u00f1a o ventana\" rel=\"noopener noreferrer\">Encuentre un centro de atenci\u00f3n cerca de usted<span class=\"fa-regular fa-up-right-from-square\"><\/span><\/a>                    <a aria-label=\"enlace para concertar una cita\" class=\"mainCTA shadow dark2\" href=\"https:\/\/www.southcoast.org\/find-a-provider\/?query=Neurology\" target=\"_blank\" title=\"Abre Reservar una cita en una nueva pesta\u00f1a o ventana\" rel=\"noopener noreferrer\">Concierte una cita<span class=\"fa-regular fa-up-right-from-square\"><\/span><\/a>            <\/div>\n    \n                    <\/div>\n                <\/div>\n            <\/div>\n        <\/div>\n\n        <\/div>","protected":false},"excerpt":{"rendered":"","protected":false},"author":19,"featured_media":0,"parent":0,"menu_order":0,"comment_status":"closed","ping_status":"closed","template":"","meta":{"_acf_changed":false,"footnotes":""},"class_list":["post-2101","page","type-page","status-publish","hentry"],"acf":[],"yoast_head":"<!-- This site is optimized with the Yoast SEO plugin v26.0 - https:\/\/yoast.com\/wordpress\/plugins\/seo\/ -->\n<title>Stroke Care - Brain and Spine<\/title>\n<meta name=\"description\" content=\"Expert stroke care at Southcoast Health with rapid response, advanced treatment, and compassionate recovery support, all available close to home in MA and RI.\" \/>\n<meta name=\"robots\" content=\"index, follow, max-snippet:-1, max-image-preview:large, max-video-preview:-1\" \/>\n<link rel=\"canonical\" href=\"https:\/\/brainandspine.southcoast.org\/es\/stroke-care\/\" \/>\n<meta property=\"og:locale\" content=\"es_MX\" \/>\n<meta property=\"og:type\" content=\"article\" \/>\n<meta property=\"og:title\" content=\"Stroke Care - Brain and Spine\" \/>\n<meta property=\"og:description\" content=\"Expert stroke care at Southcoast Health with rapid response, advanced treatment, and compassionate recovery support, all available close to home in MA and RI.\" \/>\n<meta property=\"og:url\" content=\"https:\/\/brainandspine.southcoast.org\/es\/stroke-care\/\" \/>\n<meta property=\"og:site_name\" content=\"Brain and Spine\" \/>\n<meta property=\"article:modified_time\" content=\"2025-10-01T20:18:53+00:00\" \/>\n<meta name=\"twitter:card\" content=\"summary_large_image\" \/>\n<script type=\"application\/ld+json\" class=\"yoast-schema-graph\">{\"@context\":\"https:\/\/schema.org\",\"@graph\":[{\"@type\":\"WebPage\",\"@id\":\"https:\/\/brainandspine.southcoast.org\/stroke-care\/\",\"url\":\"https:\/\/brainandspine.southcoast.org\/stroke-care\/\",\"name\":\"Stroke Care - Brain and Spine\",\"isPartOf\":{\"@id\":\"https:\/\/brainandspine.southcoast.org\/#website\"},\"datePublished\":\"2025-06-18T18:19:01+00:00\",\"dateModified\":\"2025-10-01T20:18:53+00:00\",\"description\":\"Expert stroke care at Southcoast Health with rapid response, advanced treatment, and compassionate recovery support, all available close to home in MA and RI.\",\"breadcrumb\":{\"@id\":\"https:\/\/brainandspine.southcoast.org\/stroke-care\/#breadcrumb\"},\"inLanguage\":\"es-MX\",\"potentialAction\":[{\"@type\":\"ReadAction\",\"target\":[\"https:\/\/brainandspine.southcoast.org\/stroke-care\/\"]}]},{\"@type\":\"BreadcrumbList\",\"@id\":\"https:\/\/brainandspine.southcoast.org\/stroke-care\/#breadcrumb\",\"itemListElement\":[{\"@type\":\"ListItem\",\"position\":1,\"name\":\"\",\"item\":\"https:\/\/brainandspine.southcoast.org\/\"},{\"@type\":\"ListItem\",\"position\":2,\"name\":\"Stroke Care\"}]},{\"@type\":\"WebSite\",\"@id\":\"https:\/\/brainandspine.southcoast.org\/#website\",\"url\":\"https:\/\/brainandspine.southcoast.org\/\",\"name\":\"Brain and Spine\",\"description\":\"\",\"potentialAction\":[{\"@type\":\"SearchAction\",\"target\":{\"@type\":\"EntryPoint\",\"urlTemplate\":\"https:\/\/brainandspine.southcoast.org\/?s={search_term_string}\"},\"query-input\":{\"@type\":\"PropertyValueSpecification\",\"valueRequired\":true,\"valueName\":\"search_term_string\"}}],\"inLanguage\":\"es-MX\"}]}<\/script>\n<!-- \/ Yoast SEO plugin. -->","yoast_head_json":{"title":"Stroke Care - Brain and Spine","description":"Expert stroke care at Southcoast Health with rapid response, advanced treatment, and compassionate recovery support, all available close to home in MA and RI.","robots":{"index":"index","follow":"follow","max-snippet":"max-snippet:-1","max-image-preview":"max-image-preview:large","max-video-preview":"max-video-preview:-1"},"canonical":"https:\/\/brainandspine.southcoast.org\/es\/stroke-care\/","og_locale":"es_MX","og_type":"article","og_title":"Stroke Care - Brain and Spine","og_description":"Expert stroke care at Southcoast Health with rapid response, advanced treatment, and compassionate recovery support, all available close to home in MA and RI.","og_url":"https:\/\/brainandspine.southcoast.org\/es\/stroke-care\/","og_site_name":"Brain and Spine","article_modified_time":"2025-10-01T20:18:53+00:00","twitter_card":"summary_large_image","schema":{"@context":"https:\/\/schema.org","@graph":[{"@type":"WebPage","@id":"https:\/\/brainandspine.southcoast.org\/stroke-care\/","url":"https:\/\/brainandspine.southcoast.org\/stroke-care\/","name":"Stroke Care - Brain and Spine","isPartOf":{"@id":"https:\/\/brainandspine.southcoast.org\/#website"},"datePublished":"2025-06-18T18:19:01+00:00","dateModified":"2025-10-01T20:18:53+00:00","description":"Expert stroke care at Southcoast Health with rapid response, advanced treatment, and compassionate recovery support, all available close to home in MA and RI.","breadcrumb":{"@id":"https:\/\/brainandspine.southcoast.org\/stroke-care\/#breadcrumb"},"inLanguage":"es-MX","potentialAction":[{"@type":"ReadAction","target":["https:\/\/brainandspine.southcoast.org\/stroke-care\/"]}]},{"@type":"BreadcrumbList","@id":"https:\/\/brainandspine.southcoast.org\/stroke-care\/#breadcrumb","itemListElement":[{"@type":"ListItem","position":1,"name":"","item":"https:\/\/brainandspine.southcoast.org\/"},{"@type":"ListItem","position":2,"name":"Stroke Care"}]},{"@type":"WebSite","@id":"https:\/\/brainandspine.southcoast.org\/#website","url":"https:\/\/brainandspine.southcoast.org\/","name":"Cerebro y columna vertebral","description":"","potentialAction":[{"@type":"SearchAction","target":{"@type":"EntryPoint","urlTemplate":"https:\/\/brainandspine.southcoast.org\/?s={search_term_string}"},"query-input":{"@type":"PropertyValueSpecification","valueRequired":true,"valueName":"search_term_string"}}],"inLanguage":"es-MX"}]}},"_links":{"self":[{"href":"https:\/\/brainandspine.southcoast.org\/es\/wp-json\/wp\/v2\/pages\/2101","targetHints":{"allow":["GET"]}}],"collection":[{"href":"https:\/\/brainandspine.southcoast.org\/es\/wp-json\/wp\/v2\/pages"}],"about":[{"href":"https:\/\/brainandspine.southcoast.org\/es\/wp-json\/wp\/v2\/types\/page"}],"author":[{"embeddable":true,"href":"https:\/\/brainandspine.southcoast.org\/es\/wp-json\/wp\/v2\/users\/19"}],"replies":[{"embeddable":true,"href":"https:\/\/brainandspine.southcoast.org\/es\/wp-json\/wp\/v2\/comments?post=2101"}],"version-history":[{"count":27,"href":"https:\/\/brainandspine.southcoast.org\/es\/wp-json\/wp\/v2\/pages\/2101\/revisions"}],"predecessor-version":[{"id":2593,"href":"https:\/\/brainandspine.southcoast.org\/es\/wp-json\/wp\/v2\/pages\/2101\/revisions\/2593"}],"wp:attachment":[{"href":"https:\/\/brainandspine.southcoast.org\/es\/wp-json\/wp\/v2\/media?parent=2101"}],"curies":[{"name":"wp","href":"https:\/\/api.w.org\/{rel}","templated":true}]}}