{"id":2092,"date":"2025-06-18T18:02:57","date_gmt":"2025-06-18T18:02:57","guid":{"rendered":"https:\/\/brainandspine.test-southcoast-health-multi.southcoast-health.org\/?page_id=2092"},"modified":"2026-04-03T16:54:27","modified_gmt":"2026-04-03T16:54:27","slug":"rehabilitation","status":"publish","type":"page","link":"https:\/\/brainandspine.southcoast.org\/es\/rehabilitation\/","title":{"rendered":"Rehabilitaci\u00f3n"},"content":{"rendered":"<div  class=\"blockSettings    hero-main-block show-breadcrumbs\" style=\"\"><div class=\"background\"><\/div>\n<div class=\"container\">\n\n    <div class=\"breadcrumbsWrapper desktop-breadcrumbs\"><nav id=\"breadcrumbs\" aria-label=\"Migas de pan\"><ol><li><a href=\"https:\/\/brainandspine.southcoast.org\/es\/\"><i class=\"fa-regular fa-house\"><\/i><span class=\"visually-hidden\">Inicio<\/span><\/a><\/li><\/ol><\/nav><\/div><div class=\"breadcrumbsWrapper mobile-breadcrumbs\"><p id=\"mobile-breadcrumbs\" class=\"mobile-back-nav\"><span><span><a href=\"#\" onclick=\"return handleBackNavigation();\"><i class=\"fa-solid fa-chevron-left back-arrow\"><\/i> Volver<\/a><\/span><\/span><\/p>\t\t<script>\n\t\t\tfunction handleBackNavigation() {\n\t\t\t\tif (window.history.length > 1) {\n\t\t\t\t\twindow.history.back();\n\t\t\t\t} else {\n\t\t\t\t\twindow.location.href = 'https:\/\/brainandspine.southcoast.org\/es';\n\t\t\t\t}\n\t\t\t\treturn false;\n\t\t\t}\n\t\t<\/script>\n<\/div>    <div class=\"grid\">\n        <div class=\"col-bleed-y\">\n            <div class=\"inner-wrap\">\n                <div class=\"content-col\">\n                                            <h1>Rehabilitaci\u00f3n<\/h1>\n                                        <div class=\"copy-wrap\">\n                                                    <p>Comprendemos el impacto que una lesi\u00f3n cerebral o medular puede tener en su vida. Tanto si se recupera de un ictus como de una intervenci\u00f3n quir\u00fargica o de una afecci\u00f3n neurol\u00f3gica, nuestro equipo interdisciplinar de expertos le guiar\u00e1 durante el proceso de rehabilitaci\u00f3n y trabajar\u00e1 a su lado para mejorar su calidad de vida y recuperar su independencia.<\/p>\n                                            <\/div>\n                                    <\/div>\n                <div class=\"media-col\">\n                                            <img\n                            class=\"main-img\"\n                            src=\"https:\/\/brainandspine.southcoast.org\/wp-content\/uploads\/sites\/6\/2025\/09\/Rehab-1-scaled.jpg\"\n                                                        srcset=\"https:\/\/brainandspine.southcoast.org\/wp-content\/uploads\/sites\/6\/2025\/09\/Rehab-1-scaled.jpg 2560w, https:\/\/brainandspine.southcoast.org\/wp-content\/uploads\/sites\/6\/2025\/09\/Rehab-1-300x200.jpg 300w, https:\/\/brainandspine.southcoast.org\/wp-content\/uploads\/sites\/6\/2025\/09\/Rehab-1-1024x684.jpg 1024w, https:\/\/brainandspine.southcoast.org\/wp-content\/uploads\/sites\/6\/2025\/09\/Rehab-1-768x513.jpg 768w, https:\/\/brainandspine.southcoast.org\/wp-content\/uploads\/sites\/6\/2025\/09\/Rehab-1-1536x1025.jpg 1536w, https:\/\/brainandspine.southcoast.org\/wp-content\/uploads\/sites\/6\/2025\/09\/Rehab-1-2048x1367.jpg 2048w\"\n                            sizes=\"(max-width: 768px) 100vw, (max-width: 1200px) 50vw, 800px\"\n                                                        alt=\"\"\n                            loading=\"eager\"\n                            decoding=\"async\"\n                            fetchpriority=\"high\">\n                                                            <img decoding=\"async\" class=\"corner-art\" src=\"https:\/\/brainandspine.southcoast.org\/wp-content\/themes\/southcoast_multisite\/images\/corner-art.svg\">\n                <\/div>\n            <\/div>\n        <\/div>\n    <\/div>\n<\/div>\n\n<script>\n    document.querySelectorAll('.play-button').forEach(button => {\n        button.addEventListener('click', function() {\n            const modal = this.nextElementSibling;\n            modal.style.display = 'block';\n            document.body.style.overflow = 'hidden';\n        });\n    });\n\n    document.querySelectorAll('.close-modal, .modal-overlay').forEach(element => {\n        element.addEventListener('click', function() {\n            const modal = this.closest('.video-modal');\n            modal.style.display = 'none';\n            document.body.style.overflow = '';\n        });\n    });\n<\/script>\n<\/div>\n\n\n<div  class=\"blockSettings  paddingTopMD paddingBottomMD media-object-block light\" style=\"\"><div class=\"container\">\n\t<div class=\"grid\">\n\t\t<div class=\"col-sm-12\">\n\t\t\t<div class=\"inner image-right list-style-disc inner-bg\" style=\"background-color: #f6f7f7;\">\n\t\t\t\t<div class=\"copy\">\n\t\t\t\t\t    <div class=\"mainCopyWrap\">\n            <h2>A qui\u00e9n ayudamos<\/h2>\n    <div class=\"paragraphWrap\"><p>El camino de cada paciente hacia la recuperaci\u00f3n es \u00fanico. Por eso ofrecemos una atenci\u00f3n integrada y personalizada para reconstruir la fuerza, restaurar la funci\u00f3n y recuperar la independencia. Nuestro programa de rehabilitaci\u00f3n ayuda a personas con diversas afecciones neurol\u00f3gicas:<\/p>\n<ul>\n<li>Da\u00f1o cerebral traum\u00e1tico (TCE)<\/li>\n<li>Ictus<\/li>\n<li>Lesi\u00f3n medular<\/li>\n<li>Tumores cerebrales y recuperaci\u00f3n tras una neurocirug\u00eda<\/li>\n<li>Esclerosis m\u00faltiple, enfermedad de Parkinson y otros trastornos neurodegenerativos<\/li>\n<\/ul>\n<\/div>    <\/div>\n    \t\t\t\t<\/div>\n\t\t\t\t\t\t\t\t<div class=\"images\">\n\t\t\t\t\t\t<img decoding=\"async\" class=\"single\" src=\"https:\/\/brainandspine.southcoast.org\/wp-content\/uploads\/sites\/6\/2025\/09\/Rehab-2-scaled.jpg\" alt=\"\">\n\t\t\t\t\t\t\t\t\t\t\t\t\t    <div class=\"cornerArtWrapper cornerArt-small\">\n        <img decoding=\"async\" class=\"cornerArt\" src=\"https:\/\/brainandspine.southcoast.org\/wp-content\/themes\/southcoast_multisite\/images\/corner-art.svg\" alt=\"\">\n    <\/div>\n\t\t\t\t\t\t\t\t\t\t<\/div>\n\t\t\t\t\n\t\t\t<\/div>\n\t\t<\/div>\n\t<\/div>\n<\/div>\n<\/div>\n\n\n<div  class=\"blockSettings  paddingTopNone paddingBottomNone tabsFluid light\" style=\"\"><div class=\"container\">\n\n            <div class=\"grid\">\n            <div class=\"col-sm-12\">\n                <div class=\"introCenter intro-content\">\n                        <div class=\"mainCopyWrap\">\n            <h2>Servicios de rehabilitaci\u00f3n de Southcoast Health<\/h2>\n        <\/div>\n    \n\n                <\/div>\n            <\/div>\n        <\/div>\n    \n   \n        <div class=\"blockSeparator\"><\/div>\n    \n\n    <!--Desktop Tabs-->\n    <div class=\"grid tab tabHorizontal\">\n        <div class=\"col-sm-12\">\n            <ul class=\"tab__head\" role=\"tablist\" aria-label=\"Servicios de rehabilitaci\u00f3n de Southcoast Health - Fichas\">\n                                                            <li role=\"tab\" class=\"is-open\"><a href=\"#tabH1\" id=\"tabH1-tab\" title=\"\"\n                                                                    role=\"tab\"\n                                                                    aria-controls=\"tabH1\"\n                                                                    aria-selected=\"true\">Neurological Rehabilitation<\/a><\/li>\n                                            <li role=\"tab\" class=\"\"><a href=\"#tabH2\" id=\"tabH2-tab\" title=\"\"\n                                                                    role=\"tab\"\n                                                                    aria-controls=\"tabH2\"\n                                                                    aria-selected=\"false\">Terapia ocupacional<\/a><\/li>\n                                                <\/ul>\n        <\/div>\n        <div class=\"col-sm-12\">\n                                                <div class=\"beefup tab__item tabH is-open\" id=\"tabH1\" role=\"tabpanel\" aria-labelledby=\"tabH1-tab\" aria-hidden=\"false\">\n                                                    <div class=\"grid justify-center\">\n                                                                                                            <div class=\"col-sm-6\">\n                                            <div class=\"beefup__image\">\n                                                <img loading=\"lazy\" decoding=\"async\" width=\"600\" height=\"830\" src=\"https:\/\/brainandspine.southcoast.org\/wp-content\/uploads\/sites\/6\/2025\/06\/Image-4.png\" class=\"attachment-full size-full\" alt=\"\" srcset=\"https:\/\/brainandspine.southcoast.org\/wp-content\/uploads\/sites\/6\/2025\/06\/Image-4.png 600w, https:\/\/brainandspine.southcoast.org\/wp-content\/uploads\/sites\/6\/2025\/06\/Image-4-217x300.png 217w\" sizes=\"auto, (max-width: 600px) 100vw, 600px\" \/>                                            <\/div>\n                                        <\/div>\n                                                                        <div class=\"col-sm-6\">\n                                        <article aria-labelledby=\"Neurological Rehabilitation content.\" class=\"beefup__body\" role=\"region\" style=\"overflow: hidden;\">\n                                            <div class=\"maincopy intro\">\n                                                <p>Neurological rehabilitation is a specialized program designed to help patients facing challenges from spinal injuries or disorders. Whether due to trauma (like an accident) or a medical condition (such as MS or degenerative disc disease), our goal is to reduce pain, increase mobility, and maximize independence.<\/p>\n<p>Our neurological rehabilitation services include:<\/p>\n<ul>\n<li><strong>Evaluaci\u00f3n funcional exhaustiva:<\/strong> Planificaci\u00f3n de la rehabilitaci\u00f3n a medida basada en la movilidad, la fuerza y la funci\u00f3n neurol\u00f3gica.<\/li>\n<li><strong>Formaci\u00f3n en movilidad:<\/strong> Ayudar a los pacientes a volver a aprender a andar o mejorar el uso de la silla de ruedas con dispositivos de asistencia y sistemas de marcha.<\/li>\n<li><strong>Reeducaci\u00f3n Neuromuscular:<\/strong> Estimular la recuperaci\u00f3n nerviosa y muscular mediante ejercicios y t\u00e9cnicas terap\u00e9uticas.<\/li>\n<li><strong>Tratamiento de la espasticidad y el dolor:<\/strong> Tratamiento de la rigidez, el dolor nervioso y las complicaciones con intervenciones espec\u00edficas.<\/li>\n<\/ul>\n<p>Atendemos a personas con lesiones medulares completas e incompletas, incluidas las que se enfrentan a escoliosis, contracturas o disreflexia auton\u00f3mica.<\/p>\n                                            <\/div>\n                                        <\/article>\n                                                                            <\/div>\n                                                            <\/div>\n                                            <\/div>\n                                    <div class=\"beefup tab__item tabH\" id=\"tabH2\" role=\"tabpanel\" aria-labelledby=\"tabH2-tab\" aria-hidden=\"true\">\n                                                    <div class=\"grid justify-center\">\n                                                                                                            <div class=\"col-sm-6\">\n                                            <div class=\"beefup__image\">\n                                                <img loading=\"lazy\" decoding=\"async\" width=\"2560\" height=\"1772\" src=\"https:\/\/brainandspine.southcoast.org\/wp-content\/uploads\/sites\/6\/2026\/04\/occupational-therapy-scaled.jpg\" class=\"attachment-full size-full\" alt=\"A woman patient\" srcset=\"https:\/\/brainandspine.southcoast.org\/wp-content\/uploads\/sites\/6\/2026\/04\/occupational-therapy-scaled.jpg 2560w, https:\/\/brainandspine.southcoast.org\/wp-content\/uploads\/sites\/6\/2026\/04\/occupational-therapy-300x208.jpg 300w, https:\/\/brainandspine.southcoast.org\/wp-content\/uploads\/sites\/6\/2026\/04\/occupational-therapy-1024x709.jpg 1024w, https:\/\/brainandspine.southcoast.org\/wp-content\/uploads\/sites\/6\/2026\/04\/occupational-therapy-768x532.jpg 768w, https:\/\/brainandspine.southcoast.org\/wp-content\/uploads\/sites\/6\/2026\/04\/occupational-therapy-1536x1063.jpg 1536w, https:\/\/brainandspine.southcoast.org\/wp-content\/uploads\/sites\/6\/2026\/04\/occupational-therapy-2048x1418.jpg 2048w, https:\/\/brainandspine.southcoast.org\/wp-content\/uploads\/sites\/6\/2026\/04\/occupational-therapy-18x12.jpg 18w\" sizes=\"auto, (max-width: 2560px) 100vw, 2560px\" \/>                                            <\/div>\n                                        <\/div>\n                                                                        <div class=\"col-sm-6\">\n                                        <article aria-labelledby=\"Occupational Therapy content.\" class=\"beefup__body\" role=\"region\" style=\"overflow: none;\">\n                                            <div class=\"maincopy intro\">\n                                                <p>La terapia ocupacional es una parte vital de la rehabilitaci\u00f3n del cerebro y la columna vertebral, ya que ayuda a los pacientes a recuperar las habilidades necesarias para realizar actividades cotidianas como asearse, cocinar y vestirse. Nuestros terapeutas ocupacionales colaboran con fisioterapeutas y logopedas para crear planes de recuperaci\u00f3n integrales adaptados a sus objetivos.<\/p>\n<p>Entre las principales \u00e1reas de inter\u00e9s figuran:<\/p>\n<ul>\n<li><strong>Rehabilitaci\u00f3n cognitiva:<\/strong> Abordar los retos de la memoria, la atenci\u00f3n y la funci\u00f3n ejecutiva.<\/li>\n<li><strong>Entrenamiento perceptivo-visual:<\/strong> Apoyar la recuperaci\u00f3n de la visi\u00f3n y la conciencia espacial, especialmente despu\u00e9s de un ictus o una LCT.<\/li>\n<li><strong>Recuperaci\u00f3n del miembro superior:<\/strong> Mejora de la coordinaci\u00f3n, la fuerza y la motricidad de brazos y manos.<\/li>\n<li><strong>Herramientas y t\u00e9cnicas de adaptaci\u00f3n:<\/strong> Entrenamiento con equipos especializados para facilitar las rutinas diarias.<\/li>\n<\/ul>\n                                            <\/div>\n                                        <\/article>\n                                                                            <\/div>\n                                                            <\/div>\n                                            <\/div>\n                                    <\/div>\n    <\/div>\n<\/div>\n<\/div>\n\n\n<div id=\"\" class=\"bannerFluidTwo paddingTopNone paddingBottomNone\">\n    \n        <div class=\"grid\">\n            <div class=\"col-sm-12 col-bleed\">\n                <div class=\"banner-content-wrap  darkTheme\" style=\"background-image:url(https:\/\/brainandspine.southcoast.org\/wp-content\/uploads\/sites\/6\/2025\/06\/dfd4598f5b5bf9b48e678cab85a644d8ce02a764-1-scaled.jpg);background-size:cover;background-position:center center; \">\n                    \n                                            <div class=\"overlay\" style=\"\"><\/div>\n                    \n                    <div class=\"banner-content container\">\n                            <div class=\"mainCopyWrap\">\n            <h2>El camino hacia la recuperaci\u00f3n comienza aqu\u00ed<\/h2>\n    <div class=\"paragraphWrap\"><p>Cada viaje de recuperaci\u00f3n comienza con un plan personalizado creado por un equipo de especialistas. Tanto si se est\u00e1 recuperando de una intervenci\u00f3n quir\u00fargica como si est\u00e1 tratando una enfermedad cr\u00f3nica, nuestro enfoque multidisciplinar garantiza que siempre tendr\u00e1 a su lado la atenci\u00f3n, el apoyo y el tratamiento especializados que su situaci\u00f3n particular requiere.<\/p><\/div>    <\/div>\n                                <div class=\"ctaWrap\">\n                    <a aria-label=\"enlace para encontrar un centro cercano\" class=\"mainCTA shadow dark1\" href=\"https:\/\/www.southcoast.org\/locations\/?service=Rehabilitation\" target=\"_blank\" title=\"Abre Buscar un punto de venta cercano en una nueva pesta\u00f1a o ventana\" rel=\"noopener noreferrer\">Encuentre un centro cercano<span class=\"fa-regular fa-up-right-from-square\"><\/span><\/a>                    <a aria-label=\"enlace para concertar una cita\" class=\"mainCTA shadow dark2\" href=\"https:\/\/www.southcoast.org\/find-a-provider\/?query=Physical%20Therapy\" target=\"_blank\" title=\"Abre Reservar una cita en una nueva pesta\u00f1a o ventana\" rel=\"noopener noreferrer\">Concierte una cita<span class=\"fa-regular fa-up-right-from-square\"><\/span><\/a>            <\/div>\n    \n                    <\/div>\n                <\/div>\n            <\/div>\n        <\/div>\n\n        <\/div>","protected":false},"excerpt":{"rendered":"","protected":false},"author":19,"featured_media":0,"parent":0,"menu_order":0,"comment_status":"closed","ping_status":"closed","template":"","meta":{"_acf_changed":false,"footnotes":""},"class_list":["post-2092","page","type-page","status-publish","hentry"],"acf":[],"yoast_head":"<!-- This site is optimized with the Yoast SEO plugin v26.0 - https:\/\/yoast.com\/wordpress\/plugins\/seo\/ -->\n<title>Rehabilitation - Brain and Spine<\/title>\n<meta name=\"description\" content=\"Southcoast Health offers expert brain and spine rehabilitation across MA and RI, helping patients recover from stroke, TBI, surgery &amp; neurological conditions\" \/>\n<meta name=\"robots\" content=\"index, follow, max-snippet:-1, max-image-preview:large, max-video-preview:-1\" \/>\n<link rel=\"canonical\" href=\"https:\/\/brainandspine.southcoast.org\/es\/rehabilitation\/\" \/>\n<meta property=\"og:locale\" content=\"es_MX\" \/>\n<meta property=\"og:type\" content=\"article\" \/>\n<meta property=\"og:title\" content=\"Rehabilitation - Brain and Spine\" \/>\n<meta property=\"og:description\" content=\"Southcoast Health offers expert brain and spine rehabilitation across MA and RI, helping patients recover from stroke, TBI, surgery &amp; neurological conditions\" \/>\n<meta property=\"og:url\" content=\"https:\/\/brainandspine.southcoast.org\/es\/rehabilitation\/\" \/>\n<meta property=\"og:site_name\" content=\"Brain and Spine\" \/>\n<meta property=\"article:modified_time\" content=\"2026-04-03T16:54:27+00:00\" \/>\n<meta name=\"twitter:card\" content=\"summary_large_image\" \/>\n<script type=\"application\/ld+json\" class=\"yoast-schema-graph\">{\"@context\":\"https:\/\/schema.org\",\"@graph\":[{\"@type\":\"WebPage\",\"@id\":\"https:\/\/brainandspine.southcoast.org\/rehabilitation\/\",\"url\":\"https:\/\/brainandspine.southcoast.org\/rehabilitation\/\",\"name\":\"Rehabilitation - Brain and Spine\",\"isPartOf\":{\"@id\":\"https:\/\/brainandspine.southcoast.org\/#website\"},\"datePublished\":\"2025-06-18T18:02:57+00:00\",\"dateModified\":\"2026-04-03T16:54:27+00:00\",\"description\":\"Southcoast Health offers expert brain and spine rehabilitation across MA and RI, helping patients recover from stroke, TBI, surgery & neurological conditions\",\"breadcrumb\":{\"@id\":\"https:\/\/brainandspine.southcoast.org\/rehabilitation\/#breadcrumb\"},\"inLanguage\":\"es-MX\",\"potentialAction\":[{\"@type\":\"ReadAction\",\"target\":[\"https:\/\/brainandspine.southcoast.org\/rehabilitation\/\"]}]},{\"@type\":\"BreadcrumbList\",\"@id\":\"https:\/\/brainandspine.southcoast.org\/rehabilitation\/#breadcrumb\",\"itemListElement\":[{\"@type\":\"ListItem\",\"position\":1,\"name\":\"\",\"item\":\"https:\/\/brainandspine.southcoast.org\/\"},{\"@type\":\"ListItem\",\"position\":2,\"name\":\"Rehabilitation\"}]},{\"@type\":\"WebSite\",\"@id\":\"https:\/\/brainandspine.southcoast.org\/#website\",\"url\":\"https:\/\/brainandspine.southcoast.org\/\",\"name\":\"Brain and Spine\",\"description\":\"\",\"potentialAction\":[{\"@type\":\"SearchAction\",\"target\":{\"@type\":\"EntryPoint\",\"urlTemplate\":\"https:\/\/brainandspine.southcoast.org\/?s={search_term_string}\"},\"query-input\":{\"@type\":\"PropertyValueSpecification\",\"valueRequired\":true,\"valueName\":\"search_term_string\"}}],\"inLanguage\":\"es-MX\"}]}<\/script>\n<!-- \/ Yoast SEO plugin. -->","yoast_head_json":{"title":"Rehabilitation - Brain and Spine","description":"Southcoast Health offers expert brain and spine rehabilitation across MA and RI, helping patients recover from stroke, TBI, surgery & neurological conditions","robots":{"index":"index","follow":"follow","max-snippet":"max-snippet:-1","max-image-preview":"max-image-preview:large","max-video-preview":"max-video-preview:-1"},"canonical":"https:\/\/brainandspine.southcoast.org\/es\/rehabilitation\/","og_locale":"es_MX","og_type":"article","og_title":"Rehabilitation - Brain and Spine","og_description":"Southcoast Health offers expert brain and spine rehabilitation across MA and RI, helping patients recover from stroke, TBI, surgery & neurological conditions","og_url":"https:\/\/brainandspine.southcoast.org\/es\/rehabilitation\/","og_site_name":"Brain and Spine","article_modified_time":"2026-04-03T16:54:27+00:00","twitter_card":"summary_large_image","schema":{"@context":"https:\/\/schema.org","@graph":[{"@type":"WebPage","@id":"https:\/\/brainandspine.southcoast.org\/rehabilitation\/","url":"https:\/\/brainandspine.southcoast.org\/rehabilitation\/","name":"Rehabilitation - Brain and Spine","isPartOf":{"@id":"https:\/\/brainandspine.southcoast.org\/#website"},"datePublished":"2025-06-18T18:02:57+00:00","dateModified":"2026-04-03T16:54:27+00:00","description":"Southcoast Health offers expert brain and spine rehabilitation across MA and RI, helping patients recover from stroke, TBI, surgery & neurological conditions","breadcrumb":{"@id":"https:\/\/brainandspine.southcoast.org\/rehabilitation\/#breadcrumb"},"inLanguage":"es-MX","potentialAction":[{"@type":"ReadAction","target":["https:\/\/brainandspine.southcoast.org\/rehabilitation\/"]}]},{"@type":"BreadcrumbList","@id":"https:\/\/brainandspine.southcoast.org\/rehabilitation\/#breadcrumb","itemListElement":[{"@type":"ListItem","position":1,"name":"","item":"https:\/\/brainandspine.southcoast.org\/"},{"@type":"ListItem","position":2,"name":"Rehabilitation"}]},{"@type":"WebSite","@id":"https:\/\/brainandspine.southcoast.org\/#website","url":"https:\/\/brainandspine.southcoast.org\/","name":"Cerebro y columna vertebral","description":"","potentialAction":[{"@type":"SearchAction","target":{"@type":"EntryPoint","urlTemplate":"https:\/\/brainandspine.southcoast.org\/?s={search_term_string}"},"query-input":{"@type":"PropertyValueSpecification","valueRequired":true,"valueName":"search_term_string"}}],"inLanguage":"es-MX"}]}},"_links":{"self":[{"href":"https:\/\/brainandspine.southcoast.org\/es\/wp-json\/wp\/v2\/pages\/2092","targetHints":{"allow":["GET"]}}],"collection":[{"href":"https:\/\/brainandspine.southcoast.org\/es\/wp-json\/wp\/v2\/pages"}],"about":[{"href":"https:\/\/brainandspine.southcoast.org\/es\/wp-json\/wp\/v2\/types\/page"}],"author":[{"embeddable":true,"href":"https:\/\/brainandspine.southcoast.org\/es\/wp-json\/wp\/v2\/users\/19"}],"replies":[{"embeddable":true,"href":"https:\/\/brainandspine.southcoast.org\/es\/wp-json\/wp\/v2\/comments?post=2092"}],"version-history":[{"count":15,"href":"https:\/\/brainandspine.southcoast.org\/es\/wp-json\/wp\/v2\/pages\/2092\/revisions"}],"predecessor-version":[{"id":2723,"href":"https:\/\/brainandspine.southcoast.org\/es\/wp-json\/wp\/v2\/pages\/2092\/revisions\/2723"}],"wp:attachment":[{"href":"https:\/\/brainandspine.southcoast.org\/es\/wp-json\/wp\/v2\/media?parent=2092"}],"curies":[{"name":"wp","href":"https:\/\/api.w.org\/{rel}","templated":true}]}}