{"id":2078,"date":"2025-06-18T17:50:38","date_gmt":"2025-06-18T17:50:38","guid":{"rendered":"https:\/\/brainandspine.test-southcoast-health-multi.southcoast-health.org\/?page_id=2078"},"modified":"2025-10-01T20:17:41","modified_gmt":"2025-10-01T20:17:41","slug":"pain-management","status":"publish","type":"page","link":"https:\/\/brainandspine.southcoast.org\/es\/pain-management\/","title":{"rendered":"Tratamiento del dolor"},"content":{"rendered":"<div  class=\"blockSettings    hero-main-block show-breadcrumbs\" style=\"\"><div class=\"background\"><\/div>\n<div class=\"container\">\n\n    <div class=\"breadcrumbsWrapper desktop-breadcrumbs\"><nav id=\"breadcrumbs\" aria-label=\"Migas de pan\"><ol><li><a href=\"https:\/\/brainandspine.southcoast.org\/es\/\"><i class=\"fa-regular fa-house\"><\/i><span class=\"visually-hidden\">Inicio<\/span><\/a><\/li><\/ol><\/nav><\/div><div class=\"breadcrumbsWrapper mobile-breadcrumbs\"><p id=\"mobile-breadcrumbs\" class=\"mobile-back-nav\"><span><span><a href=\"#\" onclick=\"return handleBackNavigation();\"><i class=\"fa-solid fa-chevron-left back-arrow\"><\/i> Volver<\/a><\/span><\/span><\/p>\t\t<script>\n\t\t\tfunction handleBackNavigation() {\n\t\t\t\tif (window.history.length > 1) {\n\t\t\t\t\twindow.history.back();\n\t\t\t\t} else {\n\t\t\t\t\twindow.location.href = 'https:\/\/brainandspine.southcoast.org\/es';\n\t\t\t\t}\n\t\t\t\treturn false;\n\t\t\t}\n\t\t<\/script>\n<\/div>    <div class=\"grid\">\n        <div class=\"col-bleed-y\">\n            <div class=\"inner-wrap\">\n                <div class=\"content-col\">\n                                            <h1>Tratamiento del dolor<\/h1>\n                                        <div class=\"copy-wrap\">\n                                                    <p>El dolor no debe impedirle llevar una vida normal. Nuestros especialistas en tratamiento del dolor trabajan con usted para encontrar soluciones eficaces que le permitan recuperar la comodidad y la alegr\u00eda en sus experiencias cotidianas.<\/p>\n                                            <\/div>\n                                            <div class=\"cta-wrap\">\n                                                            <a aria-label=\"enlace para concertar una cita\" class=\"mainCTA shadow dark1\" href=\"https:\/\/www.southcoast.org\/find-a-provider\/?query=Pain%20Management\" target=\"_blank\" title=\"Abre Reservar una cita en una nueva pesta\u00f1a o ventana\" rel=\"noopener noreferrer\">Concierte una cita<span class=\"fa-regular fa-up-right-from-square\"><\/span><\/a>                                                                                <\/div>\n                                    <\/div>\n                <div class=\"media-col\">\n                                            <img\n                            class=\"main-img\"\n                            src=\"https:\/\/brainandspine.southcoast.org\/wp-content\/uploads\/sites\/6\/2025\/07\/Woman-In-Pain.jpg\"\n                                                        srcset=\"https:\/\/brainandspine.southcoast.org\/wp-content\/uploads\/sites\/6\/2025\/07\/Woman-In-Pain.jpg 2121w, https:\/\/brainandspine.southcoast.org\/wp-content\/uploads\/sites\/6\/2025\/07\/Woman-In-Pain-300x200.jpg 300w, https:\/\/brainandspine.southcoast.org\/wp-content\/uploads\/sites\/6\/2025\/07\/Woman-In-Pain-1024x683.jpg 1024w, https:\/\/brainandspine.southcoast.org\/wp-content\/uploads\/sites\/6\/2025\/07\/Woman-In-Pain-768x512.jpg 768w, https:\/\/brainandspine.southcoast.org\/wp-content\/uploads\/sites\/6\/2025\/07\/Woman-In-Pain-1536x1024.jpg 1536w, https:\/\/brainandspine.southcoast.org\/wp-content\/uploads\/sites\/6\/2025\/07\/Woman-In-Pain-2048x1365.jpg 2048w\"\n                            sizes=\"(max-width: 768px) 100vw, (max-width: 1200px) 50vw, 800px\"\n                                                        alt=\"\"\n                            loading=\"eager\"\n                            decoding=\"async\"\n                            fetchpriority=\"high\">\n                                                            <img decoding=\"async\" class=\"corner-art\" src=\"https:\/\/brainandspine.southcoast.org\/wp-content\/themes\/southcoast_multisite\/images\/corner-art.svg\">\n                <\/div>\n            <\/div>\n        <\/div>\n    <\/div>\n<\/div>\n\n<script>\n    document.querySelectorAll('.play-button').forEach(button => {\n        button.addEventListener('click', function() {\n            const modal = this.nextElementSibling;\n            modal.style.display = 'block';\n            document.body.style.overflow = 'hidden';\n        });\n    });\n\n    document.querySelectorAll('.close-modal, .modal-overlay').forEach(element => {\n        element.addEventListener('click', function() {\n            const modal = this.closest('.video-modal');\n            modal.style.display = 'none';\n            document.body.style.overflow = '';\n        });\n    });\n<\/script>\n<\/div>\n\n\n<div  class=\"blockSettings  paddingTopMD paddingBottomMD media-object-block light\" style=\"\"><div class=\"container\">\n\t<div class=\"grid\">\n\t\t<div class=\"col-sm-12\">\n\t\t\t<div class=\"inner image-left list-style-disc inner-white-bg\" style=\"background-color: #fff;\">\n\t\t\t\t<div class=\"copy\">\n\t\t\t\t\t    <div class=\"mainCopyWrap\">\n            <h2>Encontrar alivio\u00a0<\/h2>\n    <div class=\"paragraphWrap\"><p>El dolor puede ser cr\u00f3nico o agudo, y puede tener diversos or\u00edgenes, como una lesi\u00f3n, una enfermedad o una intervenci\u00f3n quir\u00fargica. Sea cual sea su experiencia con el dolor, estamos aqu\u00ed para ayudarle a encontrar una salida.<\/p>\n<p>Nuestro enfoque multidisciplinar combina conocimientos m\u00e9dicos, opciones de tratamiento avanzadas y atenci\u00f3n personalizada para reducir el dolor y mejorar la funcionalidad. Desde dolores musculares y articulares hasta dolores nerviosos y relacionados con el c\u00e1ncer, nuestro equipo de especialistas crea un plan de atenci\u00f3n que respalda sus objetivos, para que pueda volver a hacer lo que le gusta.<\/p>\n<\/div>    <\/div>\n    \t\t\t\t<\/div>\n\t\t\t\t\t\t\t\t<div class=\"images\">\n\t\t\t\t\t\t<img decoding=\"async\" class=\"single\" src=\"https:\/\/brainandspine.southcoast.org\/wp-content\/uploads\/sites\/6\/2025\/06\/Image-4.png\" alt=\"\">\n\t\t\t\t\t\t\t\t\t\t<\/div>\n\t\t\t\t\n\t\t\t<\/div>\n\t\t<\/div>\n\t<\/div>\n<\/div>\n<\/div>\n\n\n<div  class=\"blockSettings  paddingTopNone paddingBottomMD cardIconsFluid cardIconsImageFluid light\" style=\"\">\t<div class=\"container\">\n\t\t\t\t\t<div class=\"grid\">\n\t\t\t\t<div class=\"col-sm-12\">\n\t\t\t\t\t<div class=\"introCenter\">\n\t\t\t\t\t\t<div class=\"maincopy intro\">\n\t\t\t\t\t\t\t<h2>Servicios de tratamiento del dolor en Southcoast Health\u00a0<\/h2>\n\t\t\t\t\t\t\t\t\t\t\t\t\t\t\t<p><p>Nuestro equipo de tratamiento del dolor trabaja junto con otros especialistas para ayudar a nuestros pacientes a descubrir una mejor calidad de vida. Ofrecemos una gama completa de terapias y procedimientos basados en la evidencia para tratar dolencias complejas, como:<\/p>\n<\/p>\n\t\t\t\t\t\t\t\t\t\t\t\t\t<\/div>\n\t\t\t\t\t\t\t\t\t\t\t\t\t\t\t\t\t\t\t\t\t\t<a aria-label=\"Enlace a Conozca al equipo\" class=\"mainCTA shadow light1 ctaCenter\" href=\"https:\/\/www.southcoast.org\/find-a-provider\/?query=Pain%20Management\" target=\"_blank\" title=\"Abre Conoce al equipo en una nueva pesta\u00f1a o ventana\" rel=\"noopener noreferrer\">Conoce al equipo<span class=\"fa-regular fa-up-right-from-square\"><\/span><\/a>\t\t\t\t\t\t\t\t\t\t\t\t\t\t\t\t\t\t\t\t\t                                                                                                        \t\t\t\t\t<\/div>\n\t\t\t\t<\/div>\n\t\t\t<\/div>\n\t\t\n\t\t\t\t\t<!--Manual Cards-->\n\t\t\t<div class=\"grid\">\n\t\t\t\t\t\t\t\t\t\t\t<div class=\"col-sm-6 col-md-3 col-grid\">\n\t\t\t\t\t\t\t\t<div class=\"cardBasic  Center Vertical\">\n\t\t\t\t\t\t\t\t\t<span class='icon image-icon'><img loading=\"lazy\" decoding=\"async\" width=\"1251\" height=\"1251\" src=\"https:\/\/brainandspine.southcoast.org\/wp-content\/uploads\/sites\/6\/2025\/07\/Collaborative-Care-Icon.png\" class=\"attachment-full size-full\" alt=\"\" srcset=\"https:\/\/brainandspine.southcoast.org\/wp-content\/uploads\/sites\/6\/2025\/07\/Collaborative-Care-Icon.png 1251w, https:\/\/brainandspine.southcoast.org\/wp-content\/uploads\/sites\/6\/2025\/07\/Collaborative-Care-Icon-300x300.png 300w, https:\/\/brainandspine.southcoast.org\/wp-content\/uploads\/sites\/6\/2025\/07\/Collaborative-Care-Icon-1024x1024.png 1024w, https:\/\/brainandspine.southcoast.org\/wp-content\/uploads\/sites\/6\/2025\/07\/Collaborative-Care-Icon-150x150.png 150w, https:\/\/brainandspine.southcoast.org\/wp-content\/uploads\/sites\/6\/2025\/07\/Collaborative-Care-Icon-768x768.png 768w\" sizes=\"auto, (max-width: 1251px) 100vw, 1251px\" \/><\/span>\t\t\t\t\t\t\t\t\t\t\t\t\t\t\t\t\t\t\n\t\t\t\t\t\t\t\t\t<div class=\"cardBasicBody\">\n\t\t\t\t\t\t\t\t\t\t<div class=\"cardBasicBodyTitle\" role=\"title\">Atenci\u00f3n en colaboraci\u00f3n<\/div>\n\t\t\t\t\t\t\t\t\t\t\t\t\t\t\t\t\t\t\t\t<div class=\"excerpt\">\n\t\t\t\t\t\t\t\t\t\t\t<p>Incluidos los AINE, los corticosteroides y otras opciones prescritas o de venta libre para aliviar los s\u00edntomas y el dolor resultante.<\/p>\n\t\t\t\t\t\t\t\t\t\t<\/div>\n\t\t\t\t\t\t\t\t\t\t\t\t\t\t\t\t\t\t\t\t\t\t\t\t\t\t\t\t\t<\/div>\n\t\t\t\t\t\t\t\t<\/div>\n\t\t\t\t\t\t\t<\/div>\n\t\t\t\t\t\t\t\t\t\t\t\t<div class=\"col-sm-6 col-md-3 col-grid\">\n\t\t\t\t\t\t\t\t<div class=\"cardBasic  Center Vertical\">\n\t\t\t\t\t\t\t\t\t<span class='icon image-icon'><img loading=\"lazy\" decoding=\"async\" width=\"1251\" height=\"1251\" src=\"https:\/\/brainandspine.southcoast.org\/wp-content\/uploads\/sites\/6\/2025\/07\/Steroid-Injection-Icon.png\" class=\"attachment-full size-full\" alt=\"\" srcset=\"https:\/\/brainandspine.southcoast.org\/wp-content\/uploads\/sites\/6\/2025\/07\/Steroid-Injection-Icon.png 1251w, https:\/\/brainandspine.southcoast.org\/wp-content\/uploads\/sites\/6\/2025\/07\/Steroid-Injection-Icon-300x300.png 300w, https:\/\/brainandspine.southcoast.org\/wp-content\/uploads\/sites\/6\/2025\/07\/Steroid-Injection-Icon-1024x1024.png 1024w, https:\/\/brainandspine.southcoast.org\/wp-content\/uploads\/sites\/6\/2025\/07\/Steroid-Injection-Icon-150x150.png 150w, https:\/\/brainandspine.southcoast.org\/wp-content\/uploads\/sites\/6\/2025\/07\/Steroid-Injection-Icon-768x768.png 768w\" sizes=\"auto, (max-width: 1251px) 100vw, 1251px\" \/><\/span>\t\t\t\t\t\t\t\t\t\t\t\t\t\t\t\t\t\t\n\t\t\t\t\t\t\t\t\t<div class=\"cardBasicBody\">\n\t\t\t\t\t\t\t\t\t\t<div class=\"cardBasicBodyTitle\" role=\"title\">Procedimientos de intervenci\u00f3n<\/div>\n\t\t\t\t\t\t\t\t\t\t\t\t\t\t\t\t\t\t\t\t<div class=\"excerpt\">\n\t\t\t\t\t\t\t\t\t\t\t<p>Desde inyecciones en puntos gatillo hasta inyecciones epidurales de esteroides y opciones m\u00e1s avanzadas como los estimuladores de la m\u00e9dula espinal, nuestras t\u00e9cnicas atacan el dolor en su origen.<\/p>\n\t\t\t\t\t\t\t\t\t\t<\/div>\n\t\t\t\t\t\t\t\t\t\t\t\t\t\t\t\t\t\t\t\t\t\t\t\t\t\t\t\t\t<\/div>\n\t\t\t\t\t\t\t\t<\/div>\n\t\t\t\t\t\t\t<\/div>\n\t\t\t\t\t\t\t\t\t\t\t\t<div class=\"col-sm-6 col-md-3 col-grid\">\n\t\t\t\t\t\t\t\t<div class=\"cardBasic  Center Vertical\">\n\t\t\t\t\t\t\t\t\t<span class='icon image-icon'><img loading=\"lazy\" decoding=\"async\" width=\"1251\" height=\"1251\" src=\"https:\/\/brainandspine.southcoast.org\/wp-content\/uploads\/sites\/6\/2025\/07\/Mobility-Icon.png\" class=\"attachment-full size-full\" alt=\"\" srcset=\"https:\/\/brainandspine.southcoast.org\/wp-content\/uploads\/sites\/6\/2025\/07\/Mobility-Icon.png 1251w, https:\/\/brainandspine.southcoast.org\/wp-content\/uploads\/sites\/6\/2025\/07\/Mobility-Icon-300x300.png 300w, https:\/\/brainandspine.southcoast.org\/wp-content\/uploads\/sites\/6\/2025\/07\/Mobility-Icon-1024x1024.png 1024w, https:\/\/brainandspine.southcoast.org\/wp-content\/uploads\/sites\/6\/2025\/07\/Mobility-Icon-150x150.png 150w, https:\/\/brainandspine.southcoast.org\/wp-content\/uploads\/sites\/6\/2025\/07\/Mobility-Icon-768x768.png 768w\" sizes=\"auto, (max-width: 1251px) 100vw, 1251px\" \/><\/span>\t\t\t\t\t\t\t\t\t\t\t\t\t\t\t\t\t\t\n\t\t\t\t\t\t\t\t\t<div class=\"cardBasicBody\">\n\t\t\t\t\t\t\t\t\t\t<div class=\"cardBasicBodyTitle\" role=\"title\">Medicamentos<\/div>\n\t\t\t\t\t\t\t\t\t\t\t\t\t\t\t\t\t\t\t\t<div class=\"excerpt\">\n\t\t\t\t\t\t\t\t\t\t\t<p>Terapias f\u00edsicas, ocupacionales y complementarias adaptadas para ayudarle a recuperar la fuerza, la movilidad y la independencia.<\/p>\n\t\t\t\t\t\t\t\t\t\t<\/div>\n\t\t\t\t\t\t\t\t\t\t\t\t\t\t\t\t\t\t\t\t\t\t\t\t\t\t\t\t\t<\/div>\n\t\t\t\t\t\t\t\t<\/div>\n\t\t\t\t\t\t\t<\/div>\n\t\t\t\t\t\t\t\t\t\t\t\t<div class=\"col-sm-6 col-md-3 col-grid\">\n\t\t\t\t\t\t\t\t<div class=\"cardBasic  Center Vertical\">\n\t\t\t\t\t\t\t\t\t<span class='icon image-icon'><img loading=\"lazy\" decoding=\"async\" width=\"1251\" height=\"1251\" src=\"https:\/\/brainandspine.southcoast.org\/wp-content\/uploads\/sites\/6\/2025\/07\/Therapy-Massage-Icon.png\" class=\"attachment-full size-full\" alt=\"\" srcset=\"https:\/\/brainandspine.southcoast.org\/wp-content\/uploads\/sites\/6\/2025\/07\/Therapy-Massage-Icon.png 1251w, https:\/\/brainandspine.southcoast.org\/wp-content\/uploads\/sites\/6\/2025\/07\/Therapy-Massage-Icon-300x300.png 300w, https:\/\/brainandspine.southcoast.org\/wp-content\/uploads\/sites\/6\/2025\/07\/Therapy-Massage-Icon-1024x1024.png 1024w, https:\/\/brainandspine.southcoast.org\/wp-content\/uploads\/sites\/6\/2025\/07\/Therapy-Massage-Icon-150x150.png 150w, https:\/\/brainandspine.southcoast.org\/wp-content\/uploads\/sites\/6\/2025\/07\/Therapy-Massage-Icon-768x768.png 768w\" sizes=\"auto, (max-width: 1251px) 100vw, 1251px\" \/><\/span>\t\t\t\t\t\t\t\t\t\t\t\t\t\t\t\t\t\t\n\t\t\t\t\t\t\t\t\t<div class=\"cardBasicBody\">\n\t\t\t\t\t\t\t\t\t\t<div class=\"cardBasicBodyTitle\" role=\"title\">Terapias<\/div>\n\t\t\t\t\t\t\t\t\t\t\t\t\t\t\t\t\t\t\t\t<div class=\"excerpt\">\n\t\t\t\t\t\t\t\t\t\t\t<p>Nuestros especialistas en dolor colaboran con neurocirujanos, traumat\u00f3logos y m\u00e9dicos de atenci\u00f3n primaria para ofrecer un apoyo integral y coordinado.<\/p>\n\t\t\t\t\t\t\t\t\t\t<\/div>\n\t\t\t\t\t\t\t\t\t\t\t\t\t\t\t\t\t\t\t\t\t\t\t\t\t\t\t\t\t<\/div>\n\t\t\t\t\t\t\t\t<\/div>\n\t\t\t\t\t\t\t<\/div>\n\t\t\t\t\t\t\t\t<\/div>\n\t\t\t<\/div>\n<\/div>\n\n\n<div id=\"\" class=\"bannerFluidTwo paddingTopNone paddingBottomNone\">\n    \n        <div class=\"grid\">\n            <div class=\"col-sm-12 col-bleed\">\n                <div class=\"banner-content-wrap  darkTheme\" style=\"background-image:url(https:\/\/brainandspine.southcoast.org\/wp-content\/uploads\/sites\/6\/2025\/06\/dfd4598f5b5bf9b48e678cab85a644d8ce02a764-1-scaled.jpg);background-size:cover;background-position:center center; \">\n                    \n                                            <div class=\"overlay\" style=\"\"><\/div>\n                    \n                    <div class=\"banner-content container\">\n                            <div class=\"mainCopyWrap\">\n            <h2>Empiece hoy mismo<\/h2>\n    <div class=\"paragraphWrap\"><p>No tiene por qu\u00e9 vivir con un dolor sin tratar. Perm\u00edtanos ayudarle a dar el primer paso hacia un alivio duradero y una mejor calidad de vida.<\/p><\/div>    <\/div>\n                                <div class=\"ctaWrap\">\n                    <a aria-label=\"enlace para encontrar un centro de atenci\u00f3n cerca de usted\" class=\"mainCTA shadow dark1\" href=\"https:\/\/www.southcoast.org\/locations\/?service=Pain+Management\" target=\"_blank\" title=\"Abre Buscar un centro asistencial cercano en una nueva pesta\u00f1a o ventana\" rel=\"noopener noreferrer\">Encuentre un centro de atenci\u00f3n cerca de usted<span class=\"fa-regular fa-up-right-from-square\"><\/span><\/a>                    <a aria-label=\"enlace para concertar una cita\" class=\"mainCTA shadow dark2\" href=\"https:\/\/www.southcoast.org\/find-a-provider\/?query=Pain%20Management\" target=\"_blank\" title=\"Abre Reservar una cita en una nueva pesta\u00f1a o ventana\" rel=\"noopener noreferrer\">Concierte una cita<span class=\"fa-regular fa-up-right-from-square\"><\/span><\/a>            <\/div>\n    \n                    <\/div>\n                <\/div>\n            <\/div>\n        <\/div>\n\n        <\/div>","protected":false},"excerpt":{"rendered":"","protected":false},"author":19,"featured_media":0,"parent":0,"menu_order":0,"comment_status":"closed","ping_status":"closed","template":"","meta":{"_acf_changed":false,"footnotes":""},"class_list":["post-2078","page","type-page","status-publish","hentry"],"acf":[],"yoast_head":"<!-- This site is optimized with the Yoast SEO plugin v26.0 - https:\/\/yoast.com\/wordpress\/plugins\/seo\/ -->\n<title>Pain Management - Brain and Spine<\/title>\n<meta name=\"description\" content=\"Find expert pain management at Southcoast Health. We offer personalized treatments to reduce pain, improve mobility, and help you reclaim your quality of life.\" \/>\n<meta name=\"robots\" content=\"index, follow, max-snippet:-1, max-image-preview:large, max-video-preview:-1\" \/>\n<link rel=\"canonical\" href=\"https:\/\/brainandspine.southcoast.org\/es\/pain-management\/\" \/>\n<meta property=\"og:locale\" content=\"es_MX\" \/>\n<meta property=\"og:type\" content=\"article\" \/>\n<meta property=\"og:title\" content=\"Pain Management - Brain and Spine\" \/>\n<meta property=\"og:description\" content=\"Find expert pain management at Southcoast Health. We offer personalized treatments to reduce pain, improve mobility, and help you reclaim your quality of life.\" \/>\n<meta property=\"og:url\" content=\"https:\/\/brainandspine.southcoast.org\/es\/pain-management\/\" \/>\n<meta property=\"og:site_name\" content=\"Brain and Spine\" \/>\n<meta property=\"article:modified_time\" content=\"2025-10-01T20:17:41+00:00\" \/>\n<meta name=\"twitter:card\" content=\"summary_large_image\" \/>\n<script type=\"application\/ld+json\" class=\"yoast-schema-graph\">{\"@context\":\"https:\/\/schema.org\",\"@graph\":[{\"@type\":\"WebPage\",\"@id\":\"https:\/\/brainandspine.southcoast.org\/pain-management\/\",\"url\":\"https:\/\/brainandspine.southcoast.org\/pain-management\/\",\"name\":\"Pain Management - Brain and Spine\",\"isPartOf\":{\"@id\":\"https:\/\/brainandspine.southcoast.org\/#website\"},\"datePublished\":\"2025-06-18T17:50:38+00:00\",\"dateModified\":\"2025-10-01T20:17:41+00:00\",\"description\":\"Find expert pain management at Southcoast Health. We offer personalized treatments to reduce pain, improve mobility, and help you reclaim your quality of life.\",\"breadcrumb\":{\"@id\":\"https:\/\/brainandspine.southcoast.org\/pain-management\/#breadcrumb\"},\"inLanguage\":\"es-MX\",\"potentialAction\":[{\"@type\":\"ReadAction\",\"target\":[\"https:\/\/brainandspine.southcoast.org\/pain-management\/\"]}]},{\"@type\":\"BreadcrumbList\",\"@id\":\"https:\/\/brainandspine.southcoast.org\/pain-management\/#breadcrumb\",\"itemListElement\":[{\"@type\":\"ListItem\",\"position\":1,\"name\":\"\",\"item\":\"https:\/\/brainandspine.southcoast.org\/\"},{\"@type\":\"ListItem\",\"position\":2,\"name\":\"Pain Management\"}]},{\"@type\":\"WebSite\",\"@id\":\"https:\/\/brainandspine.southcoast.org\/#website\",\"url\":\"https:\/\/brainandspine.southcoast.org\/\",\"name\":\"Brain and Spine\",\"description\":\"\",\"potentialAction\":[{\"@type\":\"SearchAction\",\"target\":{\"@type\":\"EntryPoint\",\"urlTemplate\":\"https:\/\/brainandspine.southcoast.org\/?s={search_term_string}\"},\"query-input\":{\"@type\":\"PropertyValueSpecification\",\"valueRequired\":true,\"valueName\":\"search_term_string\"}}],\"inLanguage\":\"es-MX\"}]}<\/script>\n<!-- \/ Yoast SEO plugin. -->","yoast_head_json":{"title":"Pain Management - Brain and Spine","description":"Find expert pain management at Southcoast Health. We offer personalized treatments to reduce pain, improve mobility, and help you reclaim your quality of life.","robots":{"index":"index","follow":"follow","max-snippet":"max-snippet:-1","max-image-preview":"max-image-preview:large","max-video-preview":"max-video-preview:-1"},"canonical":"https:\/\/brainandspine.southcoast.org\/es\/pain-management\/","og_locale":"es_MX","og_type":"article","og_title":"Pain Management - Brain and Spine","og_description":"Find expert pain management at Southcoast Health. We offer personalized treatments to reduce pain, improve mobility, and help you reclaim your quality of life.","og_url":"https:\/\/brainandspine.southcoast.org\/es\/pain-management\/","og_site_name":"Brain and Spine","article_modified_time":"2025-10-01T20:17:41+00:00","twitter_card":"summary_large_image","schema":{"@context":"https:\/\/schema.org","@graph":[{"@type":"WebPage","@id":"https:\/\/brainandspine.southcoast.org\/pain-management\/","url":"https:\/\/brainandspine.southcoast.org\/pain-management\/","name":"Pain Management - Brain and Spine","isPartOf":{"@id":"https:\/\/brainandspine.southcoast.org\/#website"},"datePublished":"2025-06-18T17:50:38+00:00","dateModified":"2025-10-01T20:17:41+00:00","description":"Find expert pain management at Southcoast Health. We offer personalized treatments to reduce pain, improve mobility, and help you reclaim your quality of life.","breadcrumb":{"@id":"https:\/\/brainandspine.southcoast.org\/pain-management\/#breadcrumb"},"inLanguage":"es-MX","potentialAction":[{"@type":"ReadAction","target":["https:\/\/brainandspine.southcoast.org\/pain-management\/"]}]},{"@type":"BreadcrumbList","@id":"https:\/\/brainandspine.southcoast.org\/pain-management\/#breadcrumb","itemListElement":[{"@type":"ListItem","position":1,"name":"","item":"https:\/\/brainandspine.southcoast.org\/"},{"@type":"ListItem","position":2,"name":"Pain Management"}]},{"@type":"WebSite","@id":"https:\/\/brainandspine.southcoast.org\/#website","url":"https:\/\/brainandspine.southcoast.org\/","name":"Cerebro y columna vertebral","description":"","potentialAction":[{"@type":"SearchAction","target":{"@type":"EntryPoint","urlTemplate":"https:\/\/brainandspine.southcoast.org\/?s={search_term_string}"},"query-input":{"@type":"PropertyValueSpecification","valueRequired":true,"valueName":"search_term_string"}}],"inLanguage":"es-MX"}]}},"_links":{"self":[{"href":"https:\/\/brainandspine.southcoast.org\/es\/wp-json\/wp\/v2\/pages\/2078","targetHints":{"allow":["GET"]}}],"collection":[{"href":"https:\/\/brainandspine.southcoast.org\/es\/wp-json\/wp\/v2\/pages"}],"about":[{"href":"https:\/\/brainandspine.southcoast.org\/es\/wp-json\/wp\/v2\/types\/page"}],"author":[{"embeddable":true,"href":"https:\/\/brainandspine.southcoast.org\/es\/wp-json\/wp\/v2\/users\/19"}],"replies":[{"embeddable":true,"href":"https:\/\/brainandspine.southcoast.org\/es\/wp-json\/wp\/v2\/comments?post=2078"}],"version-history":[{"count":24,"href":"https:\/\/brainandspine.southcoast.org\/es\/wp-json\/wp\/v2\/pages\/2078\/revisions"}],"predecessor-version":[{"id":2591,"href":"https:\/\/brainandspine.southcoast.org\/es\/wp-json\/wp\/v2\/pages\/2078\/revisions\/2591"}],"wp:attachment":[{"href":"https:\/\/brainandspine.southcoast.org\/es\/wp-json\/wp\/v2\/media?parent=2078"}],"curies":[{"name":"wp","href":"https:\/\/api.w.org\/{rel}","templated":true}]}}